{"id":3353,"date":"2024-02-01T13:16:29","date_gmt":"2024-02-01T10:16:29","guid":{"rendered":"https:\/\/labelmakina.com.tr\/urun\/bunker\/"},"modified":"2024-09-01T23:26:44","modified_gmt":"2024-09-01T20:26:44","slug":"bunker","status":"publish","type":"product","link":"https:\/\/labelmakina.com.tr\/de\/produkt\/bunker\/","title":{"rendered":"Bunker"},"content":{"rendered":"<p>Bunker k\u00f6nnen je nach Art des Materials und Verwendungszweck in verschiedenen Gr\u00f6\u00dfen und aus unterschiedlichen Materialien hergestellt werden. Zum Beispiel werden Bunker zur Lagerung von Kohle oft aus Metall gefertigt und sind von gro\u00dfer Gr\u00f6\u00dfe.<\/p>\n<p>Bunker sind ein wichtiges Werkzeug f\u00fcr die sichere und effiziente Lagerung von Materialien. Sie gew\u00e4hrleisten den Schutz des Materials und erm\u00f6glichen einen effizienten Materialfluss.<\/p>\n<p>Beispiele f\u00fcr Anwendungsbereiche von Bunkern:<\/p>\n<ul>\n<li>Kohlelager<\/li>\n<li>Zementlager<\/li>\n<li>Mehllager<\/li>\n<li>Getreidelager<\/li>\n<li>Eisenerzlager<\/li>\n<li>Mineralienlager<\/li>\n<li>M\u00fclldeponien<\/li>\n<li>Abwasserspeicher<\/li>\n<li>Chemikalienlager<\/li>\n<li>Verteidigungsanlagen<\/li>\n<\/ul>\n<p>Heutzutage werden Bunker auch mit verschiedenen Technologien ausgestattet. Beispielsweise k\u00f6nnen Sensoren verwendet werden, um den F\u00fcllstand des Materials im Bunker zu \u00fcberwachen. Wenn die Sensoren feststellen, dass der F\u00fcllstand sinkt, k\u00f6nnen sie ein Signal senden, um eine automatische Nachf\u00fcllung des Bunkers zu veranlassen.<\/p>\n","protected":false},"excerpt":{"rendered":"<p>Ein Bunker ist eine Struktur, die \u00fcblicherweise zur Lagerung von Sch\u00fcttg\u00fctern verwendet wird. Bunker haben Entladestellen in Form eines abgeschnittenen Kegels oder einer Pyramide, die ein sicheres Entladen der Materialien aus dem Lager erm\u00f6glichen.<\/p>\n<p>Bunker werden in verschiedenen Industrieanlagen und Fabriken h\u00e4ufig eingesetzt. Zum Beispiel werden Bunker zur Lagerung von Materialien wie Kohle, Zement, Mehl, Getreide, Eisenerz und Mineralien verwendet.<\/p>\n","protected":false},"featured_media":3354,"template":"","meta":{"om_disable_all_campaigns":false,"_monsterinsights_skip_tracking":false,"_monsterinsights_sitenote_active":false,"_monsterinsights_sitenote_note":"","_monsterinsights_sitenote_category":0},"product_brand":[],"product_cat":[82],"product_tag":[],"class_list":{"0":"post-3353","1":"product","2":"type-product","3":"status-publish","4":"has-post-thumbnail","6":"product_cat-andere-produkte","8":"first","9":"instock","10":"shipping-taxable","11":"product-type-simple"},"aioseo_notices":[],"_links":{"self":[{"href":"https:\/\/labelmakina.com.tr\/de\/wp-json\/wp\/v2\/product\/3353","targetHints":{"allow":["GET"]}}],"collection":[{"href":"https:\/\/labelmakina.com.tr\/de\/wp-json\/wp\/v2\/product"}],"about":[{"href":"https:\/\/labelmakina.com.tr\/de\/wp-json\/wp\/v2\/types\/product"}],"wp:featuredmedia":[{"embeddable":true,"href":"https:\/\/labelmakina.com.tr\/de\/wp-json\/wp\/v2\/media\/3354"}],"wp:attachment":[{"href":"https:\/\/labelmakina.com.tr\/de\/wp-json\/wp\/v2\/media?parent=3353"}],"wp:term":[{"taxonomy":"product_brand","embeddable":true,"href":"https:\/\/labelmakina.com.tr\/de\/wp-json\/wp\/v2\/product_brand?post=3353"},{"taxonomy":"product_cat","embeddable":true,"href":"https:\/\/labelmakina.com.tr\/de\/wp-json\/wp\/v2\/product_cat?post=3353"},{"taxonomy":"product_tag","embeddable":true,"href":"https:\/\/labelmakina.com.tr\/de\/wp-json\/wp\/v2\/product_tag?post=3353"}],"curies":[{"name":"wp","href":"https:\/\/api.w.org\/{rel}","templated":true}]}}