{"id":3355,"date":"2024-02-01T13:13:26","date_gmt":"2024-02-01T10:13:26","guid":{"rendered":"https:\/\/labelmakina.com.tr\/urun\/filmasin-kaldirma-aparati\/"},"modified":"2024-09-01T23:24:34","modified_gmt":"2024-09-01T20:24:34","slug":"drahtseil-hebezeug","status":"publish","type":"product","link":"https:\/\/labelmakina.com.tr\/de\/produkt\/drahtseil-hebezeug\/","title":{"rendered":"Drahtseil-Hebezeug"},"content":{"rendered":"","protected":false},"excerpt":{"rendered":"<p>Das Hebezeug wird verwendet, indem es an einen Kran oder ein anderes Hebezeug angeschlossen wird.<\/p>\n<p>Drahtseil-Hebezeuge sind in verschiedenen Gr\u00f6\u00dfen und Kapazit\u00e4ten erh\u00e4ltlich. Die Auswahl des Hebezeugs erfolgt basierend auf der Gr\u00f6\u00dfe und dem Gewicht der zu hebenden Drahtseile.<\/p>\n<p>Drahtseil-Hebezeuge sind notwendig, um Drahtseile sicher und effizient zu heben. Das Hebezeug sorgt daf\u00fcr, dass die Drahtseile ohne Besch\u00e4digung der Oberfl\u00e4che und unter Vermeidung von Gefahren f\u00fcr die Arbeiter sicher transportiert werden.<\/p>\n","protected":false},"featured_media":3356,"template":"","meta":{"om_disable_all_campaigns":false,"_monsterinsights_skip_tracking":false,"_monsterinsights_sitenote_active":false,"_monsterinsights_sitenote_note":"","_monsterinsights_sitenote_category":0},"product_brand":[],"product_cat":[83],"product_tag":[],"class_list":{"0":"post-3355","1":"product","2":"type-product","3":"status-publish","4":"has-post-thumbnail","6":"product_cat-lasthebegerat","8":"first","9":"instock","10":"shipping-taxable","11":"product-type-simple"},"aioseo_notices":[],"_links":{"self":[{"href":"https:\/\/labelmakina.com.tr\/de\/wp-json\/wp\/v2\/product\/3355","targetHints":{"allow":["GET"]}}],"collection":[{"href":"https:\/\/labelmakina.com.tr\/de\/wp-json\/wp\/v2\/product"}],"about":[{"href":"https:\/\/labelmakina.com.tr\/de\/wp-json\/wp\/v2\/types\/product"}],"wp:featuredmedia":[{"embeddable":true,"href":"https:\/\/labelmakina.com.tr\/de\/wp-json\/wp\/v2\/media\/3356"}],"wp:attachment":[{"href":"https:\/\/labelmakina.com.tr\/de\/wp-json\/wp\/v2\/media?parent=3355"}],"wp:term":[{"taxonomy":"product_brand","embeddable":true,"href":"https:\/\/labelmakina.com.tr\/de\/wp-json\/wp\/v2\/product_brand?post=3355"},{"taxonomy":"product_cat","embeddable":true,"href":"https:\/\/labelmakina.com.tr\/de\/wp-json\/wp\/v2\/product_cat?post=3355"},{"taxonomy":"product_tag","embeddable":true,"href":"https:\/\/labelmakina.com.tr\/de\/wp-json\/wp\/v2\/product_tag?post=3355"}],"curies":[{"name":"wp","href":"https:\/\/api.w.org\/{rel}","templated":true}]}}