{"id":3359,"date":"2024-02-01T13:10:10","date_gmt":"2024-02-01T10:10:10","guid":{"rendered":"https:\/\/labelmakina.com.tr\/urun\/palet-kaldirma-aparati\/"},"modified":"2024-09-01T23:23:06","modified_gmt":"2024-09-01T20:23:06","slug":"palettenhebevorrichtung","status":"publish","type":"product","link":"https:\/\/labelmakina.com.tr\/de\/produkt\/palettenhebevorrichtung\/","title":{"rendered":"Palettenhebevorrichtung"},"content":{"rendered":"<p>Palettenhebevorrichtungen werden in vielen Bereichen der Industrie eingesetzt, z. B. in Lagerh\u00e4usern, Fabriken, Bauwesen und Transportsektor.<\/p>\n<p>Palettenhebevorrichtungen k\u00f6nnen in verschiedene Typen unterteilt werden.<\/p>\n<p>F\u00fcr die sichere Verwendung von Palettenhebevorrichtungen ist es wichtig, dass sie die richtige Gr\u00f6\u00dfe und Gewichtskapazit\u00e4t aufweisen. Au\u00dferdem sollten die Ger\u00e4te regelm\u00e4\u00dfig \u00fcberpr\u00fcft und gewartet werden.<\/p>\n<p>Einige Sicherheitsma\u00dfnahmen f\u00fcr den Einsatz von Palettenhebevorrichtungen sind:<\/p>\n<ul>\n<li>Achten Sie darauf, die Ger\u00e4te nicht \u00fcber ihre Tragf\u00e4higkeit hinaus zu belasten.<\/li>\n<li>Stellen Sie sicher, dass die Ger\u00e4te sicher an Krane oder andere Hebeausr\u00fcstungen angeschlossen sind.<\/li>\n<li>Stellen Sie sicher, dass die Ger\u00e4te nur von entsprechend geschultem und autorisiertem Personal verwendet werden.<\/li>\n<li>F\u00fchren Sie regelm\u00e4\u00dfige \u00dcberpr\u00fcfungen und Wartungen der Ger\u00e4te durch.<\/li>\n<\/ul>\n<p>Vorteile der Palettenhebevorrichtungen:<\/p>\n<ul>\n<li>Sicheres und effizientes Heben und Transportieren von Paletten und Lasten<\/li>\n<li>Spart Arbeitskraft und Zeit<\/li>\n<li>Reduziert das Unfallrisiko<\/li>\n<\/ul>\n","protected":false},"excerpt":{"rendered":"<p>Die Palettenhebevorrichtung ist ein Ger\u00e4t, das zum Heben und Transportieren von Paletten und darauf befindlichen Lasten verwendet wird. Sie bestehen in der Regel aus langlebigen Materialien wie Stahl oder Aluminium und sind in verschiedenen Gr\u00f6\u00dfen und Formen erh\u00e4ltlich.<\/p>\n<p>Die Hauptaufgaben der Palettenhebevorrichtung sind:<\/p>\n<ul>\n<li>Sicheres und ausgewogenes Heben und Transportieren von Paletten und den darauf befindlichen Lasten<\/li>\n<li>Gew\u00e4hrleistung einer sicheren Verbindung der Paletten und Lasten an Krane oder andere Hebeausr\u00fcstungen<\/li>\n<li>Vermeidung von Sch\u00e4den an den Paletten und den darauf befindlichen Lasten<\/li>\n<\/ul>\n","protected":false},"featured_media":3360,"template":"","meta":{"om_disable_all_campaigns":false,"_monsterinsights_skip_tracking":false,"_monsterinsights_sitenote_active":false,"_monsterinsights_sitenote_note":"","_monsterinsights_sitenote_category":0},"product_brand":[],"product_cat":[83],"product_tag":[],"class_list":{"0":"post-3359","1":"product","2":"type-product","3":"status-publish","4":"has-post-thumbnail","6":"product_cat-lasthebegerat","8":"first","9":"instock","10":"shipping-taxable","11":"product-type-simple"},"aioseo_notices":[],"_links":{"self":[{"href":"https:\/\/labelmakina.com.tr\/de\/wp-json\/wp\/v2\/product\/3359","targetHints":{"allow":["GET"]}}],"collection":[{"href":"https:\/\/labelmakina.com.tr\/de\/wp-json\/wp\/v2\/product"}],"about":[{"href":"https:\/\/labelmakina.com.tr\/de\/wp-json\/wp\/v2\/types\/product"}],"wp:featuredmedia":[{"embeddable":true,"href":"https:\/\/labelmakina.com.tr\/de\/wp-json\/wp\/v2\/media\/3360"}],"wp:attachment":[{"href":"https:\/\/labelmakina.com.tr\/de\/wp-json\/wp\/v2\/media?parent=3359"}],"wp:term":[{"taxonomy":"product_brand","embeddable":true,"href":"https:\/\/labelmakina.com.tr\/de\/wp-json\/wp\/v2\/product_brand?post=3359"},{"taxonomy":"product_cat","embeddable":true,"href":"https:\/\/labelmakina.com.tr\/de\/wp-json\/wp\/v2\/product_cat?post=3359"},{"taxonomy":"product_tag","embeddable":true,"href":"https:\/\/labelmakina.com.tr\/de\/wp-json\/wp\/v2\/product_tag?post=3359"}],"curies":[{"name":"wp","href":"https:\/\/api.w.org\/{rel}","templated":true}]}}