{"id":3371,"date":"2024-01-06T11:05:02","date_gmt":"2024-01-06T08:05:02","guid":{"rendered":"https:\/\/labelmakina.com.tr\/urun\/riper\/"},"modified":"2024-09-03T16:30:37","modified_gmt":"2024-09-03T13:30:37","slug":"ripper","status":"publish","type":"product","link":"https:\/\/labelmakina.com.tr\/de\/produkt\/ripper\/","title":{"rendered":"Ripper"},"content":{"rendered":"<p>Am Ende des Rippers befinden sich Z\u00e4hne, die zum Graben und Brechen von harten B\u00f6den ausgelegt sind. Der Ripper wird durch das Hydrauliksystem des Baggers angetrieben. Die Einsatzgebiete des Rippers sind:   <\/p>\n<ul type=\"disc\">\n<li>Bergbau: Wird in Bergwerken, Tunnelbau usw. verwendet. <\/li>\n<li>Stra\u00dfenbau: Wird beim Stra\u00dfenbau, bei Infrastrukturarbeiten usw. eingesetzt. <\/li>\n<li>Landwirtschaft: Wird bei der Bodenbearbeitung usw. eingesetzt. <\/li>\n<\/ul>\n<p> Die Vorteile des Rippers sind: <\/p>\n<ul type=\"disc\">\n<li>Er ist effektiv beim Graben und Brechen von harten B\u00f6den.<\/li>\n<li>Er erfordert weniger Wartung als ein Hydraulikhammer.<\/li>\n<li>Er erzeugt weniger L\u00e4rm und Vibrationen.<\/li>\n<\/ul>\n<p> Der Ripper ist ein Anbauger\u00e4t, das die Leistung und Produktivit\u00e4t des Baggers erheblich steigern kann. Einige technische Eigenschaften des Rippers sind: <\/p>\n<ul type=\"disc\">\n<li>Zahnl\u00e4nge: Kann zwischen 0,5 Meter und 1 Meter variieren.<\/li>\n<li>Zahnbreite: Kann zwischen 0,2 Meter und 0,5 Meter variieren.<\/li>\n<li>Material: Die Z\u00e4hne k\u00f6nnen aus Stahl, Wolframkarbid usw. hergestellt werden. <\/li>\n<\/ul>\n<p> Der Ripper ist ein wichtiges Anbauger\u00e4t, das die Kapazit\u00e4t von Baggern erh\u00f6ht und effizienter arbeiten l\u00e4sst.<\/p>\n","protected":false},"excerpt":{"rendered":"<p>Der Ripper ist ein Anbauger\u00e4t, das von Baggern zum Graben und Brechen von harten B\u00f6den verwendet wird. Es wird auch als Rei\u00dfzahn oder Scarifier bezeichnet. <\/p>\n","protected":false},"featured_media":3379,"template":"","meta":{"om_disable_all_campaigns":false,"_monsterinsights_skip_tracking":false,"_monsterinsights_sitenote_active":false,"_monsterinsights_sitenote_note":"","_monsterinsights_sitenote_category":0},"product_brand":[],"product_cat":[84],"product_tag":[],"class_list":{"0":"post-3371","1":"product","2":"type-product","3":"status-publish","4":"has-post-thumbnail","6":"product_cat-baumaschinen","8":"first","9":"instock","10":"shipping-taxable","11":"product-type-variable"},"aioseo_notices":[],"_links":{"self":[{"href":"https:\/\/labelmakina.com.tr\/de\/wp-json\/wp\/v2\/product\/3371","targetHints":{"allow":["GET"]}}],"collection":[{"href":"https:\/\/labelmakina.com.tr\/de\/wp-json\/wp\/v2\/product"}],"about":[{"href":"https:\/\/labelmakina.com.tr\/de\/wp-json\/wp\/v2\/types\/product"}],"wp:featuredmedia":[{"embeddable":true,"href":"https:\/\/labelmakina.com.tr\/de\/wp-json\/wp\/v2\/media\/3379"}],"wp:attachment":[{"href":"https:\/\/labelmakina.com.tr\/de\/wp-json\/wp\/v2\/media?parent=3371"}],"wp:term":[{"taxonomy":"product_brand","embeddable":true,"href":"https:\/\/labelmakina.com.tr\/de\/wp-json\/wp\/v2\/product_brand?post=3371"},{"taxonomy":"product_cat","embeddable":true,"href":"https:\/\/labelmakina.com.tr\/de\/wp-json\/wp\/v2\/product_cat?post=3371"},{"taxonomy":"product_tag","embeddable":true,"href":"https:\/\/labelmakina.com.tr\/de\/wp-json\/wp\/v2\/product_tag?post=3371"}],"curies":[{"name":"wp","href":"https:\/\/api.w.org\/{rel}","templated":true}]}}