{"id":3385,"date":"2024-01-06T11:04:24","date_gmt":"2024-01-06T08:04:24","guid":{"rendered":"https:\/\/labelmakina.com.tr\/urun\/loader-kova\/"},"modified":"2024-09-01T23:49:37","modified_gmt":"2024-09-01T20:49:37","slug":"allzweckloeffel","status":"publish","type":"product","link":"https:\/\/labelmakina.com.tr\/de\/produkt\/allzweckloeffel\/","title":{"rendered":"Allzweckl\u00f6ffel"},"content":{"rendered":"<p>Loader-L\u00f6ffel werden in verschiedenen Formen und Gr\u00f6\u00dfen hergestellt, um verschiedene Materialien zu verarbeiten. Allgemein k\u00f6nnen Loader-L\u00f6ffel wie folgt klassifiziert werden:<\/p>\n<ul>\n<li><strong>Schaufell\u00f6ffel<\/strong>: Die am h\u00e4ufigsten verwendete Art von Loader-L\u00f6ffeln. Sie werden zum Graben von Erde, Sand, Schutt usw. verwendet.<\/li>\n<li><strong>Transportl\u00f6ffel<\/strong>: Sie werden verwendet, um Erde, Sand, Schutt usw. zu laden und zu transportieren.<\/li>\n<li><strong>Speziall\u00f6ffel<\/strong>: L\u00f6ffel f\u00fcr spezielle Anwendungen, z. B. Baumschneid-L\u00f6ffel, Betonl\u00f6ffel usw.<\/li>\n<\/ul>\n<p><strong>Grundlegende Eigenschaften von Loader-L\u00f6ffeln:<\/strong><\/p>\n<ul>\n<li><strong>Breite<\/strong>: Die Breite des L\u00f6ffels bestimmt die Menge des Materials, das der L\u00f6ffel transportieren kann.<\/li>\n<li><strong>H\u00f6he<\/strong>: Die H\u00f6he des L\u00f6ffels bestimmt die H\u00f6he des Materials, das der L\u00f6ffel transportieren kann.<\/li>\n<li><strong>Tiefe<\/strong>: Die Tiefe des L\u00f6ffels bestimmt die Tiefe des Materials, das der L\u00f6ffel graben kann.<\/li>\n<li><strong>\u00d6ffnung<\/strong>: Die \u00d6ffnung des L\u00f6ffels bestimmt die Gr\u00f6\u00dfe des Materials, das der L\u00f6ffel graben kann.<\/li>\n<li><strong>Material<\/strong>: L\u00f6ffel k\u00f6nnen aus Stahl, Aluminium usw. hergestellt werden.<\/li>\n<\/ul>\n<p>Loader-L\u00f6ffel haben einen erheblichen Einfluss auf die Leistung des Laders. Die richtige Auswahl des L\u00f6ffels kann die Arbeitsleistung und Sicherheit verbessern.<\/p>\n<p><strong>Technische Eigenschaften von Loader-L\u00f6ffeln:<\/strong><\/p>\n<ul>\n<li><strong>Breite<\/strong>: Kann zwischen 1 Meter und 5 Meter variieren.<\/li>\n<li><strong>H\u00f6he<\/strong>: Kann zwischen 1 Meter und 3 Meter variieren.<\/li>\n<li><strong>Tiefe<\/strong>: Kann zwischen 0,5 Meter und 2 Meter variieren.<\/li>\n<li><strong>\u00d6ffnung<\/strong>: Kann zwischen 1 Meter und 2 Meter variieren.<\/li>\n<li><strong>Material<\/strong>: Stahl, Aluminium usw.<\/li>\n<\/ul>\n<p>Loader-L\u00f6ffel werden in vielen Bereichen wie Bauwesen, Bergbau, Landwirtschaft usw. eingesetzt.<\/p>\n","protected":false},"excerpt":{"rendered":"<p>Der Allzweckl\u00f6ffel ist f\u00fcr den Einsatz unter leichten bis mittleren Bedingungen ausgelegt. Die empfohlene maximale Materialdichte betr\u00e4gt 1,8 t\/m\u00b3. Er eignet sich f\u00fcr Materialien wie feuchten Lehm, Sand und Kies. Auf Wunsch kann der L\u00f6ffel auch mit Bolzen und Abstreifmesser hergestellt werden.<\/p>\n<p>Der Loader-L\u00f6ffel ist das Hauptarbeitswerkzeug von Ladern. Er wird verwendet, um Erde, Sand, Schutt usw. zu laden, zu entladen und zu transportieren. Loader-L\u00f6ffel arbeiten zusammen mit dem Arm und dem Schaufelrad des Laders.<\/p>\n","protected":false},"featured_media":3386,"template":"","meta":{"om_disable_all_campaigns":false,"_monsterinsights_skip_tracking":false,"_monsterinsights_sitenote_active":false,"_monsterinsights_sitenote_note":"","_monsterinsights_sitenote_category":0},"product_brand":[],"product_cat":[84],"product_tag":[],"class_list":{"0":"post-3385","1":"product","2":"type-product","3":"status-publish","4":"has-post-thumbnail","6":"product_cat-baumaschinen","8":"first","9":"instock","10":"shipping-taxable","11":"product-type-simple"},"aioseo_notices":[],"_links":{"self":[{"href":"https:\/\/labelmakina.com.tr\/de\/wp-json\/wp\/v2\/product\/3385","targetHints":{"allow":["GET"]}}],"collection":[{"href":"https:\/\/labelmakina.com.tr\/de\/wp-json\/wp\/v2\/product"}],"about":[{"href":"https:\/\/labelmakina.com.tr\/de\/wp-json\/wp\/v2\/types\/product"}],"wp:featuredmedia":[{"embeddable":true,"href":"https:\/\/labelmakina.com.tr\/de\/wp-json\/wp\/v2\/media\/3386"}],"wp:attachment":[{"href":"https:\/\/labelmakina.com.tr\/de\/wp-json\/wp\/v2\/media?parent=3385"}],"wp:term":[{"taxonomy":"product_brand","embeddable":true,"href":"https:\/\/labelmakina.com.tr\/de\/wp-json\/wp\/v2\/product_brand?post=3385"},{"taxonomy":"product_cat","embeddable":true,"href":"https:\/\/labelmakina.com.tr\/de\/wp-json\/wp\/v2\/product_cat?post=3385"},{"taxonomy":"product_tag","embeddable":true,"href":"https:\/\/labelmakina.com.tr\/de\/wp-json\/wp\/v2\/product_tag?post=3385"}],"curies":[{"name":"wp","href":"https:\/\/api.w.org\/{rel}","templated":true}]}}