{"id":3394,"date":"2024-01-06T10:59:46","date_gmt":"2024-01-06T07:59:46","guid":{"rendered":"https:\/\/labelmakina.com.tr\/urun\/arm-bom\/"},"modified":"2024-09-02T00:03:09","modified_gmt":"2024-09-01T21:03:09","slug":"arm-bom","status":"publish","type":"product","link":"https:\/\/labelmakina.com.tr\/de\/produkt\/arm-bom\/","title":{"rendered":"Arm Bom"},"content":{"rendered":"<p><strong>Einsatzbereiche des langen Arm-Boom:<\/strong><\/p>\n<ul>\n<li><strong>Abriss:<\/strong> Wird bei der Geb\u00e4udevernichtung, Br\u00fcckenabriss usw. verwendet.<\/li>\n<li><strong>Infrastruktur:<\/strong> Wird beim Graben von Kan\u00e4len, Stra\u00dfenbau usw. verwendet.<\/li>\n<li><strong>Bergbau:<\/strong> Wird in Tagebauen, Tunnelbau usw. verwendet.<\/li>\n<\/ul>\n<p><strong>Vorteile des langen Arm-Booms:<\/strong><\/p>\n<ul>\n<li><strong>Erh\u00f6ht die Reichweite:<\/strong> Erm\u00f6glicht dem Bagger, weiter und h\u00f6her zu erreichen.<\/li>\n<li><strong>Steigert die Effizienz:<\/strong> Der Bagger kann mehr Material in k\u00fcrzerer Zeit bearbeiten.<\/li>\n<li><strong>Erh\u00f6ht die Arbeitssicherheit:<\/strong> Unterst\u00fctzt den Bagger bei sichereren Arbeitsabl\u00e4ufen.<\/li>\n<\/ul>\n<p>Der lange Arm-Boom ist ein bedeutendes Anbauger\u00e4t, das die Leistung und Produktivit\u00e4t des Baggers erheblich steigern kann. Der Kauf sollte jedoch sorgf\u00e4ltig unter Ber\u00fccksichtigung der Vor- und Nachteile des langen Arm-Booms entschieden werden.<\/p>\n","protected":false},"excerpt":{"rendered":"<p>Der lange Arm-Boom ist ein Anbauger\u00e4t f\u00fcr Bagger, das die Reichweite des Baggers erh\u00f6ht. Im Vergleich zu einem Standard-Boom ist der lange Arm-Boom l\u00e4nger und schwerer und erm\u00f6glicht es dem Bagger, weiter und h\u00f6her zu erreichen.<\/p>\n<p>Unsere Firma entwickelt stets innovative L\u00f6sungen f\u00fcr das Meeressieb, Tiefbauarbeiten und spezielle Projekte, basierend auf unseren Forschungs- und Entwicklungsarbeiten an langen Armen und Boom. Der f\u00fcr Ihre Maschinen entworfene Boom und Arm bestehen aus Materialien mit hoher Biegefestigkeit, um Ihnen in den statischen Berechnungen eine h\u00f6here Effizienz zu bieten.<\/p>\n","protected":false},"featured_media":3404,"template":"","meta":{"om_disable_all_campaigns":false,"_monsterinsights_skip_tracking":false,"_monsterinsights_sitenote_active":false,"_monsterinsights_sitenote_note":"","_monsterinsights_sitenote_category":0},"product_brand":[],"product_cat":[84],"product_tag":[],"class_list":{"0":"post-3394","1":"product","2":"type-product","3":"status-publish","4":"has-post-thumbnail","6":"product_cat-baumaschinen","8":"first","9":"instock","10":"shipping-taxable","11":"product-type-simple"},"aioseo_notices":[],"_links":{"self":[{"href":"https:\/\/labelmakina.com.tr\/de\/wp-json\/wp\/v2\/product\/3394","targetHints":{"allow":["GET"]}}],"collection":[{"href":"https:\/\/labelmakina.com.tr\/de\/wp-json\/wp\/v2\/product"}],"about":[{"href":"https:\/\/labelmakina.com.tr\/de\/wp-json\/wp\/v2\/types\/product"}],"wp:featuredmedia":[{"embeddable":true,"href":"https:\/\/labelmakina.com.tr\/de\/wp-json\/wp\/v2\/media\/3404"}],"wp:attachment":[{"href":"https:\/\/labelmakina.com.tr\/de\/wp-json\/wp\/v2\/media?parent=3394"}],"wp:term":[{"taxonomy":"product_brand","embeddable":true,"href":"https:\/\/labelmakina.com.tr\/de\/wp-json\/wp\/v2\/product_brand?post=3394"},{"taxonomy":"product_cat","embeddable":true,"href":"https:\/\/labelmakina.com.tr\/de\/wp-json\/wp\/v2\/product_cat?post=3394"},{"taxonomy":"product_tag","embeddable":true,"href":"https:\/\/labelmakina.com.tr\/de\/wp-json\/wp\/v2\/product_tag?post=3394"}],"curies":[{"name":"wp","href":"https:\/\/api.w.org\/{rel}","templated":true}]}}