{"id":3412,"date":"2024-01-06T10:58:21","date_gmt":"2024-01-06T07:58:21","guid":{"rendered":"https:\/\/labelmakina.com.tr\/urun\/bom-riper-arm-imalati\/"},"modified":"2024-09-02T00:05:52","modified_gmt":"2024-09-01T21:05:52","slug":"ripper-arm-rock-bom","status":"publish","type":"product","link":"https:\/\/labelmakina.com.tr\/de\/produkt\/ripper-arm-rock-bom\/","title":{"rendered":"Ripper Arm Rock Bom"},"content":{"rendered":"<p><strong>Eigenschaften des Ripper Arm Rock Bom:<\/strong><\/p>\n<ul>\n<li><strong>Starke Zerkleinerungskraft:<\/strong> Im Vergleich zu normalen Baggerarm-Bauteilen bietet es aufgrund seiner k\u00fcrzeren und schwereren Bauweise eine h\u00f6here Zerkleinerungskraft auf harten B\u00f6den.<\/li>\n<li><strong>Hohe Effizienz:<\/strong> Es wird behauptet, dass es bis zu 10-mal effizienter ist als ein hydraulischer Brecher.<\/li>\n<li><strong>Erh\u00f6hte Stabilit\u00e4t:<\/strong> Der schwerere Arm und Boom helfen dem Bagger, seine Balance zu halten.<\/li>\n<li><strong>Breite Anwendungsbereiche:<\/strong> Wird in vielen Bereichen wie dem Graben von harten B\u00f6den, dem Zerkleinern von Felsen und dem Zerschlagen von Schieferablagerungen verwendet.<\/li>\n<\/ul>\n<p><strong>Vorteile des Ripper Arm Rock Bom:<\/strong><\/p>\n<ul>\n<li>Schneller und effizienter als ein hydraulischer Brecher.<\/li>\n<li>Erfordert weniger Wartung als ein hydraulischer Brecher.<\/li>\n<li>Reduziert Ger\u00e4usch- und Vibrationspegel.<\/li>\n<li>Bietet h\u00f6here Sicherheit.<\/li>\n<\/ul>\n<p><strong>Einsatzbereiche des Ripper Arm Rock Bom:<\/strong><\/p>\n<ul>\n<li>Bergbau<\/li>\n<li>Stra\u00dfenbau<\/li>\n<li>Infrastrukturarbeiten<\/li>\n<li>Eisenbahnbau<\/li>\n<li>Landwirtschaft<\/li>\n<li>Landschaftsgestaltung<\/li>\n<\/ul>\n","protected":false},"excerpt":{"rendered":"<p>Der Ripper Arm Rock Bom ist eine Art Anbauger\u00e4t, das von Baggern verwendet wird, um harte B\u00f6den zu graben und zu zerbrechen. Es wird auch als Bom-Arm oder Rock Boom bezeichnet.<\/p>\n","protected":false},"featured_media":3413,"template":"","meta":{"om_disable_all_campaigns":false,"_monsterinsights_skip_tracking":false,"_monsterinsights_sitenote_active":false,"_monsterinsights_sitenote_note":"","_monsterinsights_sitenote_category":0},"product_brand":[],"product_cat":[84],"product_tag":[],"class_list":{"0":"post-3412","1":"product","2":"type-product","3":"status-publish","4":"has-post-thumbnail","6":"product_cat-baumaschinen","8":"first","9":"instock","10":"shipping-taxable","11":"product-type-simple"},"aioseo_notices":[],"_links":{"self":[{"href":"https:\/\/labelmakina.com.tr\/de\/wp-json\/wp\/v2\/product\/3412","targetHints":{"allow":["GET"]}}],"collection":[{"href":"https:\/\/labelmakina.com.tr\/de\/wp-json\/wp\/v2\/product"}],"about":[{"href":"https:\/\/labelmakina.com.tr\/de\/wp-json\/wp\/v2\/types\/product"}],"wp:featuredmedia":[{"embeddable":true,"href":"https:\/\/labelmakina.com.tr\/de\/wp-json\/wp\/v2\/media\/3413"}],"wp:attachment":[{"href":"https:\/\/labelmakina.com.tr\/de\/wp-json\/wp\/v2\/media?parent=3412"}],"wp:term":[{"taxonomy":"product_brand","embeddable":true,"href":"https:\/\/labelmakina.com.tr\/de\/wp-json\/wp\/v2\/product_brand?post=3412"},{"taxonomy":"product_cat","embeddable":true,"href":"https:\/\/labelmakina.com.tr\/de\/wp-json\/wp\/v2\/product_cat?post=3412"},{"taxonomy":"product_tag","embeddable":true,"href":"https:\/\/labelmakina.com.tr\/de\/wp-json\/wp\/v2\/product_tag?post=3412"}],"curies":[{"name":"wp","href":"https:\/\/api.w.org\/{rel}","templated":true}]}}