{"id":3414,"date":"2024-01-06T10:47:13","date_gmt":"2024-01-06T07:47:13","guid":{"rendered":"https:\/\/labelmakina.com.tr\/urun\/curuf-kovasi\/"},"modified":"2024-09-02T00:21:43","modified_gmt":"2024-09-01T21:21:43","slug":"schlacke-eimer","status":"publish","type":"product","link":"https:\/\/labelmakina.com.tr\/de\/produkt\/schlacke-eimer\/","title":{"rendered":"Schlacke-Eimer"},"content":{"rendered":"<p>Ein &#8222;Schlacke-Eimer&#8220; bezieht sich auf spezielle Ausr\u00fcstungen, die in der Metallurgie- und Stahlindustrie verwendet werden. Schlacke ist das Abfallmaterial, das bei Schmelzprozessen von Metallen entsteht und von der Oberfl\u00e4che des Metalls abgetrennt wird. Schlacke tritt h\u00e4ufig auf, wenn geschmolzenes Metall aufgrund der hohen Temperaturen abk\u00fchlt und kann in verschiedenen Metallproduktionsprozessen auftreten.<\/p>\n<p>Schlacke-Eimer sind speziell f\u00fcr das Sammeln, Transportieren und Verwalten dieser Schlacke konzipiert. Diese Eimer k\u00f6nnen typischerweise folgende Eigenschaften haben:<\/p>\n<ul>\n<li><strong>Robuste Bauweise:<\/strong> Schlacke-Eimer bestehen h\u00e4ufig aus strapazierf\u00e4higen Materialien, die f\u00fcr den Einsatz unter schweren Bedingungen geeignet sind.<\/li>\n<li><strong>Hohe Temperaturbest\u00e4ndigkeit:<\/strong> Da Schlacke bei hohen Temperaturen entsteht, werden diese Eimer oft aus Materialien mit hoher Temperaturbest\u00e4ndigkeit gefertigt.<\/li>\n<li><strong>Gro\u00dfe Transportkapazit\u00e4t:<\/strong> Schlacke-Eimer haben oft eine gro\u00dfe Kapazit\u00e4t f\u00fcr das Transportieren von Schlacke.<\/li>\n<li><strong>Seiten-Schutzr\u00e4nder:<\/strong> Die hinzugef\u00fcgten seitlichen Schutzr\u00e4nder am Eimer k\u00f6nnen dazu beitragen, dass die Schlacke effektiver erfasst und gesammelt wird.<\/li>\n<\/ul>\n","protected":false},"excerpt":{"rendered":"<section class=\"elementor-section elementor-top-section elementor-element elementor-element-fc2d8bc elementor-section-boxed elementor-section-height-default elementor-section-height-default\" data-id=\"fc2d8bc\" data-element_type=\"section\">\n<div class=\"elementor-container elementor-column-gap-default\">\n<div class=\"elementor-column elementor-col-100 elementor-top-column elementor-element elementor-element-975d8ca\" data-id=\"975d8ca\" data-element_type=\"column\">\n<div class=\"elementor-widget-wrap elementor-element-populated\">\n<div class=\"elementor-element elementor-element-054bf38 elementor-widget elementor-widget-text-editor\" data-id=\"054bf38\" data-element_type=\"widget\" data-widget_type=\"text-editor.default\">\n<p>Schlacke-Eimer werden in der Metallurgie, in Stahlwerken und in anderen Metallverarbeitungsbetrieben verwendet. Sie spielen eine wichtige Rolle bei der Sammlung und Verwaltung von Schlacke.<\/p>\n<p>&nbsp;<\/p>\n<\/div>\n<\/div>\n<\/div>\n<\/div>\n<\/section>\n","protected":false},"featured_media":3415,"template":"","meta":{"om_disable_all_campaigns":false,"_monsterinsights_skip_tracking":false,"_monsterinsights_sitenote_active":false,"_monsterinsights_sitenote_note":"","_monsterinsights_sitenote_category":0},"product_brand":[],"product_cat":[84],"product_tag":[],"class_list":{"0":"post-3414","1":"product","2":"type-product","3":"status-publish","4":"has-post-thumbnail","6":"product_cat-baumaschinen","8":"first","9":"instock","10":"shipping-taxable","11":"product-type-simple"},"aioseo_notices":[],"_links":{"self":[{"href":"https:\/\/labelmakina.com.tr\/de\/wp-json\/wp\/v2\/product\/3414","targetHints":{"allow":["GET"]}}],"collection":[{"href":"https:\/\/labelmakina.com.tr\/de\/wp-json\/wp\/v2\/product"}],"about":[{"href":"https:\/\/labelmakina.com.tr\/de\/wp-json\/wp\/v2\/types\/product"}],"wp:featuredmedia":[{"embeddable":true,"href":"https:\/\/labelmakina.com.tr\/de\/wp-json\/wp\/v2\/media\/3415"}],"wp:attachment":[{"href":"https:\/\/labelmakina.com.tr\/de\/wp-json\/wp\/v2\/media?parent=3414"}],"wp:term":[{"taxonomy":"product_brand","embeddable":true,"href":"https:\/\/labelmakina.com.tr\/de\/wp-json\/wp\/v2\/product_brand?post=3414"},{"taxonomy":"product_cat","embeddable":true,"href":"https:\/\/labelmakina.com.tr\/de\/wp-json\/wp\/v2\/product_cat?post=3414"},{"taxonomy":"product_tag","embeddable":true,"href":"https:\/\/labelmakina.com.tr\/de\/wp-json\/wp\/v2\/product_tag?post=3414"}],"curies":[{"name":"wp","href":"https:\/\/api.w.org\/{rel}","templated":true}]}}