{"id":3424,"date":"2024-01-06T10:36:51","date_gmt":"2024-01-06T07:36:51","guid":{"rendered":"https:\/\/labelmakina.com.tr\/urun\/paket-levha-sac-aparati\/"},"modified":"2024-09-02T00:15:07","modified_gmt":"2024-09-01T21:15:07","slug":"platten-transporter","status":"publish","type":"product","link":"https:\/\/labelmakina.com.tr\/de\/produkt\/platten-transporter\/","title":{"rendered":"Platten-Transporter"},"content":{"rendered":"<p><strong>Sichere und Effiziente Materialtransportl\u00f6sung<\/strong><\/p>\n<p>Unser Unternehmen ist ein f\u00fchrender Anbieter von ma\u00dfgeschneiderten L\u00f6sungen f\u00fcr industrielle Maschinen- und Gabelstapler-Benutzer. Eine dieser L\u00f6sungen ist der Platten-Transporter, der speziell f\u00fcr den sicheren und effektiven Transport von verpackten Platten entwickelt wurde.<\/p>\n<p><strong>Technische Merkmale und Design:<\/strong> Unsere Platten-Transporter sind sorgf\u00e4ltig aus hochwertigem Stahl gefertigt. Ihre robusten Konstruktionen sind auf eine lange Lebensdauer und zuverl\u00e4ssige Leistung optimiert. Das Design des Ger\u00e4ts wurde speziell entwickelt, um die sichere Handhabung und den Transport von verpackten Platten zu gew\u00e4hrleisten. In verschiedenen Gr\u00f6\u00dfen und Kapazit\u00e4ten erh\u00e4ltlich, passen sie sich verschiedenen industriellen Anwendungen an.<\/p>\n<p><strong>Vielseitige Anwendung:<\/strong> Der Platten-Transporter bietet eine breite Anwendungspalette in den Bereichen Lagerung, Transport und Materialhandling. Diese Ger\u00e4te machen Ihre Maschinen vielseitiger und erh\u00f6hen die betriebliche Effizienz. Zudem sorgen sie f\u00fcr eine ordnungsgem\u00e4\u00dfe und sichere Bef\u00f6rderung von verpackten Platten, was Zeit- und Arbeitskraftersparnisse bei den Arbeitsprozessen erm\u00f6glicht.<\/p>\n<p><strong>Sicherheit und Arbeitsverf\u00fcgbarkeit:<\/strong> Unsere Platten-Transporter sind gem\u00e4\u00df den Sicherheitsstandards konzipiert. Sie legen besonderen Wert auf die Sicherheit der Bediener und zeichnen sich durch ergonomische Designs aus, die gleichzeitig die Arbeitsverf\u00fcgbarkeit erh\u00f6hen.<\/p>\n","protected":false},"excerpt":{"rendered":"<p>Der Platten-Transporter ist ein spezielles Anbauger\u00e4t oder Verbindungselement, das f\u00fcr Maschinen und Gabelstapler entwickelt wurde. Er wird h\u00e4ufig in den Bereichen Lagerung, Transport und Materialhandling verwendet und sorgt f\u00fcr die sichere und effiziente Bef\u00f6rderung von verpackten Platten. Mit hoher Haltbarkeit und Benutzerfreundlichkeit ist dieser Anbauger\u00e4t eine ideale L\u00f6sung zur Steigerung der Arbeitseffizienz in industriellen Anwendungen.<\/p>\n","protected":false},"featured_media":3425,"template":"","meta":{"om_disable_all_campaigns":false,"_monsterinsights_skip_tracking":false,"_monsterinsights_sitenote_active":false,"_monsterinsights_sitenote_note":"","_monsterinsights_sitenote_category":0},"product_brand":[],"product_cat":[85],"product_tag":[],"class_list":{"0":"post-3424","1":"product","2":"type-product","3":"status-publish","4":"has-post-thumbnail","6":"product_cat-gabelstapler-anbaugerate","8":"first","9":"instock","10":"shipping-taxable","11":"product-type-simple"},"aioseo_notices":[],"_links":{"self":[{"href":"https:\/\/labelmakina.com.tr\/de\/wp-json\/wp\/v2\/product\/3424","targetHints":{"allow":["GET"]}}],"collection":[{"href":"https:\/\/labelmakina.com.tr\/de\/wp-json\/wp\/v2\/product"}],"about":[{"href":"https:\/\/labelmakina.com.tr\/de\/wp-json\/wp\/v2\/types\/product"}],"wp:featuredmedia":[{"embeddable":true,"href":"https:\/\/labelmakina.com.tr\/de\/wp-json\/wp\/v2\/media\/3425"}],"wp:attachment":[{"href":"https:\/\/labelmakina.com.tr\/de\/wp-json\/wp\/v2\/media?parent=3424"}],"wp:term":[{"taxonomy":"product_brand","embeddable":true,"href":"https:\/\/labelmakina.com.tr\/de\/wp-json\/wp\/v2\/product_brand?post=3424"},{"taxonomy":"product_cat","embeddable":true,"href":"https:\/\/labelmakina.com.tr\/de\/wp-json\/wp\/v2\/product_cat?post=3424"},{"taxonomy":"product_tag","embeddable":true,"href":"https:\/\/labelmakina.com.tr\/de\/wp-json\/wp\/v2\/product_tag?post=3424"}],"curies":[{"name":"wp","href":"https:\/\/api.w.org\/{rel}","templated":true}]}}