{"id":3426,"date":"2024-01-06T10:36:22","date_gmt":"2024-01-06T07:36:22","guid":{"rendered":"https:\/\/labelmakina.com.tr\/urun\/profil-atasmani\/"},"modified":"2024-09-02T00:13:36","modified_gmt":"2024-09-01T21:13:36","slug":"profil-aufsatz","status":"publish","type":"product","link":"https:\/\/labelmakina.com.tr\/de\/produkt\/profil-aufsatz\/","title":{"rendered":"Profil-Aufsatz"},"content":{"rendered":"<p><strong>Hochleistungs-L\u00f6sung f\u00fcr Ihre Arbeitsmaschinen<\/strong><\/p>\n<p>Unser Unternehmen bietet seit 2005 ma\u00dfgeschneiderte L\u00f6sungen f\u00fcr f\u00fchrende Hafenfirmen und Unternehmen im Bereich Arbeitsmaschinen in der T\u00fcrkei. Eine dieser L\u00f6sungen sind die Profil-Aufs\u00e4tze, die Ihre Arbeitsmaschinen effizienter und vielseitiger machen.<\/p>\n<p><strong>Technische Eigenschaften:<\/strong> Unsere Profil-Aufs\u00e4tze sind sorgf\u00e4ltig aus hochwertigen Materialien gefertigt. Mit robuster Stahlkonstruktion bieten sie eine lange Lebensdauer und zuverl\u00e4ssige Leistung. In verschiedenen Gr\u00f6\u00dfen und Kapazit\u00e4ten erh\u00e4ltlich, arbeiten sie kompatibel mit unterschiedlichen Arbeitsmaschinen.<\/p>\n<p><strong>Vielseitige Anwendung:<\/strong> Profil-Aufs\u00e4tze machen Ihre Arbeitsmaschinen f\u00fcr verschiedene Materialhandhabungsbed\u00fcrfnisse geeignet. Mit hoher Tragf\u00e4higkeit und Haltbarkeit k\u00f6nnen sie schwere Lasten sicher heben und transportieren. Dies bietet breite Anwendungsm\u00f6glichkeiten in den Bereichen Bau, Lagerhaltung, Hafen und Logistik.<\/p>\n<p><strong>Fortschrittliche Technologie und Sicherheitsstandards:<\/strong> Unsere Profil-Aufs\u00e4tze sind nach den neuesten technologischen Standards entwickelt und produziert. Sie bieten erstklassige Sicherheitsleistungen und sind darauf ausgelegt, die Sicherheit der Bediener zu maximieren und gleichzeitig die Arbeitseffizienz zu steigern.<\/p>\n<p>Unsere Profil-Aufs\u00e4tze sind die ideale L\u00f6sung, um die Leistung Ihrer Arbeitsmaschinen zu steigern und Ihre Operationen effizienter zu gestalten. Kontaktieren Sie uns f\u00fcr weitere Informationen und Bestellungen.<\/p>\n","protected":false},"excerpt":{"rendered":"<p>Ein Profil-Aufsatz ist ein spezielles Anbauger\u00e4t oder Verbindungselement, das typischerweise f\u00fcr schwere Maschinen, Gabelstapler und \u00e4hnliche Lastenhebetechniken entwickelt wurde. Diese Aufs\u00e4tze optimieren das Lastentransport- und Materialhandling und machen verschiedene Maschinen vielseitiger. Profil-Aufs\u00e4tze werden verwendet, um verschiedene Materialien zu heben, zu transportieren oder zu platzieren und steigern so die Arbeitseffizienz. Sie werden in verschiedenen Gr\u00f6\u00dfen und Typen hergestellt und bieten L\u00f6sungen f\u00fcr unterschiedliche Materialhandhabungsbed\u00fcrfnisse in industriellen Sektoren.<\/p>\n","protected":false},"featured_media":3428,"template":"","meta":{"om_disable_all_campaigns":false,"_monsterinsights_skip_tracking":false,"_monsterinsights_sitenote_active":false,"_monsterinsights_sitenote_note":"","_monsterinsights_sitenote_category":0},"product_brand":[],"product_cat":[85],"product_tag":[],"class_list":{"0":"post-3426","1":"product","2":"type-product","3":"status-publish","4":"has-post-thumbnail","6":"product_cat-gabelstapler-anbaugerate","8":"first","9":"instock","10":"shipping-taxable","11":"product-type-variable"},"aioseo_notices":[],"_links":{"self":[{"href":"https:\/\/labelmakina.com.tr\/de\/wp-json\/wp\/v2\/product\/3426","targetHints":{"allow":["GET"]}}],"collection":[{"href":"https:\/\/labelmakina.com.tr\/de\/wp-json\/wp\/v2\/product"}],"about":[{"href":"https:\/\/labelmakina.com.tr\/de\/wp-json\/wp\/v2\/types\/product"}],"wp:featuredmedia":[{"embeddable":true,"href":"https:\/\/labelmakina.com.tr\/de\/wp-json\/wp\/v2\/media\/3428"}],"wp:attachment":[{"href":"https:\/\/labelmakina.com.tr\/de\/wp-json\/wp\/v2\/media?parent=3426"}],"wp:term":[{"taxonomy":"product_brand","embeddable":true,"href":"https:\/\/labelmakina.com.tr\/de\/wp-json\/wp\/v2\/product_brand?post=3426"},{"taxonomy":"product_cat","embeddable":true,"href":"https:\/\/labelmakina.com.tr\/de\/wp-json\/wp\/v2\/product_cat?post=3426"},{"taxonomy":"product_tag","embeddable":true,"href":"https:\/\/labelmakina.com.tr\/de\/wp-json\/wp\/v2\/product_tag?post=3426"}],"curies":[{"name":"wp","href":"https:\/\/api.w.org\/{rel}","templated":true}]}}