{"id":4084,"date":"2024-12-22T09:49:46","date_gmt":"2024-12-22T06:49:46","guid":{"rendered":"https:\/\/labelmakina.com.tr\/urun\/slab-tong\/"},"modified":"2024-12-22T09:56:35","modified_gmt":"2024-12-22T06:56:35","slug":"slab-tong","status":"publish","type":"product","link":"https:\/\/labelmakina.com.tr\/de\/produkt\/slab-tong\/","title":{"rendered":"Slab Tong"},"content":{"rendered":"<h3><strong>Wie funktioniert es?<\/strong><\/h3>\n<p>Der Slab Tong besteht haupts\u00e4chlich aus einem speziellen Hebemechanismus, der auf dem Chassis eines Gabelstaplers montiert ist. Dieser Mechanismus verf\u00fcgt \u00fcber zwei Greifarme, die Stahlplatten sicher festhalten k\u00f6nnen. Durch ein mechanisches System greifen die Arme die Platte fest, die dann vom Gabelstapler an die gew\u00fcnschte Stelle transportiert wird.<\/p>\n<h3><strong>Vorteile des Slab Tong<\/strong><\/h3>\n<ul>\n<li><strong>Hohe Effizienz:<\/strong> Kann mehrere Platten auf einmal transportieren und beschleunigt so die Arbeitsprozesse.<\/li>\n<li><strong>Sicherheit:<\/strong> Sorgt f\u00fcr einen sicheren Umgang mit den Platten und verhindert Arbeitsunf\u00e4lle.<\/li>\n<li><strong>Schadensvermeidung:<\/strong> Sch\u00fctzt die Oberfl\u00e4chen der Platten vor Kratzern oder Verformungen.<\/li>\n<li><strong>Vielseitigkeit:<\/strong> Geeignet f\u00fcr den Transport von Slabs in verschiedenen Gr\u00f6\u00dfen und Gewichten.<\/li>\n<\/ul>\n<h3><strong>Anwendungsbereiche<\/strong><\/h3>\n<ul>\n<li><strong>Stahlwerke:<\/strong> Wird verwendet, um Slabs zu Hoch\u00f6fen oder Konvertern zu transportieren, wo sie als Rohmaterial eingesetzt werden.<\/li>\n<li><strong>Walzwerke:<\/strong> Erleichtert die Lagerung oder den Transport von hei\u00dfen oder kalten Slabs, die im Walzprozess verarbeitet wurden.<\/li>\n<li><strong>H\u00e4fen:<\/strong> Handhabt den Transport von gro\u00dfen Stahlplatten, die von Schiffen entladen oder auf diese geladen werden.<\/li>\n<\/ul>\n","protected":false},"excerpt":{"rendered":"<p><strong>Slab Tong: Der kraftvolle Botschafter f\u00fcr den Transport von Stahlplatten<\/strong><\/p>\n<p>Ein Slab Tong ist ein spezielles Ger\u00e4t, das f\u00fcr den sicheren und effizienten Transport von gro\u00dfen und schweren Stahlplatten (Slabs) entwickelt wurde, insbesondere in Stahlwerken, Walzwerken und H\u00e4fen. Montiert auf einem Gabelstapler hebt der Slab Tong diese schweren Lasten in einem einzigen Vorgang, beschleunigt Arbeitsprozesse und reduziert den Arbeitsaufwand.<\/p>\n","protected":false},"featured_media":4043,"template":"","meta":{"om_disable_all_campaigns":false,"_monsterinsights_skip_tracking":false,"_monsterinsights_sitenote_active":false,"_monsterinsights_sitenote_note":"","_monsterinsights_sitenote_category":0},"product_brand":[],"product_cat":[100],"product_tag":[],"class_list":{"0":"post-4084","1":"product","2":"type-product","3":"status-publish","4":"has-post-thumbnail","6":"product_cat-zangenaufsatze","8":"first","9":"instock","10":"shipping-taxable","11":"product-type-simple"},"aioseo_notices":[],"_links":{"self":[{"href":"https:\/\/labelmakina.com.tr\/de\/wp-json\/wp\/v2\/product\/4084","targetHints":{"allow":["GET"]}}],"collection":[{"href":"https:\/\/labelmakina.com.tr\/de\/wp-json\/wp\/v2\/product"}],"about":[{"href":"https:\/\/labelmakina.com.tr\/de\/wp-json\/wp\/v2\/types\/product"}],"wp:featuredmedia":[{"embeddable":true,"href":"https:\/\/labelmakina.com.tr\/de\/wp-json\/wp\/v2\/media\/4043"}],"wp:attachment":[{"href":"https:\/\/labelmakina.com.tr\/de\/wp-json\/wp\/v2\/media?parent=4084"}],"wp:term":[{"taxonomy":"product_brand","embeddable":true,"href":"https:\/\/labelmakina.com.tr\/de\/wp-json\/wp\/v2\/product_brand?post=4084"},{"taxonomy":"product_cat","embeddable":true,"href":"https:\/\/labelmakina.com.tr\/de\/wp-json\/wp\/v2\/product_cat?post=4084"},{"taxonomy":"product_tag","embeddable":true,"href":"https:\/\/labelmakina.com.tr\/de\/wp-json\/wp\/v2\/product_tag?post=4084"}],"curies":[{"name":"wp","href":"https:\/\/api.w.org\/{rel}","templated":true}]}}