{"id":4090,"date":"2024-12-22T09:49:43","date_gmt":"2024-12-22T06:49:43","guid":{"rendered":"https:\/\/labelmakina.com.tr\/urun\/coil-tong\/"},"modified":"2024-12-22T10:01:13","modified_gmt":"2024-12-22T07:01:13","slug":"coil-tong","status":"publish","type":"product","link":"https:\/\/labelmakina.com.tr\/de\/produkt\/coil-tong\/","title":{"rendered":"Coil Tong"},"content":{"rendered":"<h4><strong>Wichtigkeit der Verwendung eines Coil Tong<\/strong><\/h4>\n<ul>\n<li><strong>Effizienz:<\/strong> Beschleunigt Arbeitsprozesse und spart Arbeitskraft durch den Transport schwerer Lasten in einem Schritt.<\/li>\n<li><strong>Sicherheit:<\/strong> Sorgt durch ein ausgewogenes Design f\u00fcr sicheren Transport und vermeidet Arbeitsunf\u00e4lle.<\/li>\n<li><strong>Flexibilit\u00e4t:<\/strong> Verschiedene Modelle k\u00f6nnen Spulen in unterschiedlichen Gr\u00f6\u00dfen und Gewichten aufnehmen.<\/li>\n<li><strong>Kosteneffizienz:<\/strong> Senkt Kosten durch den Verzicht auf Investitionen in Spezialausr\u00fcstung.<\/li>\n<\/ul>\n<h4><strong>Eigenschaften des Coil Tong<\/strong><\/h4>\n<ul>\n<li><strong>Hohe Tragf\u00e4higkeit:<\/strong> F\u00fcr schwere Gabelstapler geeignet und kann schwere Spulen heben.<\/li>\n<li><strong>Robuste Struktur:<\/strong> Hergestellt aus langlebigen Materialien f\u00fcr eine lange Lebensdauer.<\/li>\n<li><strong>Sicherheitsmechanismen:<\/strong> Mit \u00dcberlastschutz und Sicherheitsverriegelungen ausgestattet.<\/li>\n<\/ul>\n<h4><strong>Vorteile eines Gabelstapler-Montierten Coil Tong<\/strong><\/h4>\n<ul>\n<li><strong>Effizienz:<\/strong> Erlaubt den schnellen und einfachen Transport von Spulen.<\/li>\n<li><strong>Sicherheit:<\/strong> Verhindert bei richtiger Verwendung Arbeitsunf\u00e4lle.<\/li>\n<li><strong>Flexibilit\u00e4t:<\/strong> Passt sich an Spulen in verschiedenen Gr\u00f6\u00dfen an.<\/li>\n<li><strong>Kosteneffizienz:<\/strong> Nutzt bestehende Gabelstapler ohne zus\u00e4tzliche Spezialausr\u00fcstung.<\/li>\n<\/ul>\n<h4><strong>Anwendungsbereiche<\/strong><\/h4>\n<ul>\n<li><strong>Metallproduktion:<\/strong> Verwendet in der Herstellung und Lagerung von Metallen wie Stahl und Aluminium.<\/li>\n<li><strong>Automobilindustrie:<\/strong> Transportiert Metallb\u00e4nder f\u00fcr die Herstellung von Autoteilen.<\/li>\n<li><strong>Bausektor:<\/strong> Bewegt Stahlplatten, die in Stahlkonstruktionen verwendet werden.<\/li>\n<li><strong>Lagerh\u00e4user:<\/strong> Hilft beim Umlagern von Metallspulen in Lagern.<\/li>\n<\/ul>\n","protected":false},"excerpt":{"rendered":"<p><strong>Coil Tong: Spezialausr\u00fcstung f\u00fcr effizientes und sicheres Handling schwerer Metallspulen<\/strong><\/p>\n<p>Coil Tongs sind spezialisierte Ger\u00e4te, die f\u00fcr den sicheren und effizienten Transport schwerer Metallspulen entwickelt wurden. Diese Werkzeuge erh\u00f6hen die Tragf\u00e4higkeit von Gabelstaplern und erm\u00f6glichen die Handhabung gr\u00f6\u00dferer und schwererer Lasten.<\/p>\n","protected":false},"featured_media":4061,"template":"","meta":{"om_disable_all_campaigns":false,"_monsterinsights_skip_tracking":false,"_monsterinsights_sitenote_active":false,"_monsterinsights_sitenote_note":"","_monsterinsights_sitenote_category":0},"product_brand":[],"product_cat":[100],"product_tag":[],"class_list":{"0":"post-4090","1":"product","2":"type-product","3":"status-publish","4":"has-post-thumbnail","6":"product_cat-zangenaufsatze","8":"first","9":"instock","10":"shipping-taxable","11":"product-type-simple"},"aioseo_notices":[],"_links":{"self":[{"href":"https:\/\/labelmakina.com.tr\/de\/wp-json\/wp\/v2\/product\/4090","targetHints":{"allow":["GET"]}}],"collection":[{"href":"https:\/\/labelmakina.com.tr\/de\/wp-json\/wp\/v2\/product"}],"about":[{"href":"https:\/\/labelmakina.com.tr\/de\/wp-json\/wp\/v2\/types\/product"}],"wp:featuredmedia":[{"embeddable":true,"href":"https:\/\/labelmakina.com.tr\/de\/wp-json\/wp\/v2\/media\/4061"}],"wp:attachment":[{"href":"https:\/\/labelmakina.com.tr\/de\/wp-json\/wp\/v2\/media?parent=4090"}],"wp:term":[{"taxonomy":"product_brand","embeddable":true,"href":"https:\/\/labelmakina.com.tr\/de\/wp-json\/wp\/v2\/product_brand?post=4090"},{"taxonomy":"product_cat","embeddable":true,"href":"https:\/\/labelmakina.com.tr\/de\/wp-json\/wp\/v2\/product_cat?post=4090"},{"taxonomy":"product_tag","embeddable":true,"href":"https:\/\/labelmakina.com.tr\/de\/wp-json\/wp\/v2\/product_tag?post=4090"}],"curies":[{"name":"wp","href":"https:\/\/api.w.org\/{rel}","templated":true}]}}