{"id":3011,"date":"2022-07-23T09:27:05","date_gmt":"2022-07-23T06:27:05","guid":{"rendered":"https:\/\/labelmakina.com.tr\/corporativo\/"},"modified":"2024-09-01T21:56:33","modified_gmt":"2024-09-01T18:56:33","slug":"corporativo","status":"publish","type":"page","link":"https:\/\/labelmakina.com.tr\/es\/corporativo\/","title":{"rendered":"Corporativo"},"content":{"rendered":"\t\t<div data-elementor-type=\"wp-page\" data-elementor-id=\"3011\" class=\"elementor elementor-3011 elementor-621\">\n\t\t\t\t<div class=\"elementor-element elementor-element-400e8ce e-flex e-con-boxed e-con e-parent\" data-id=\"400e8ce\" data-element_type=\"container\" data-settings=\"{&quot;background_background&quot;:&quot;classic&quot;}\">\n\t\t\t\t\t<div class=\"e-con-inner\">\n\t\t\t\t<div class=\"elementor-element elementor-element-5048b71 elementor-widget elementor-widget-heading\" data-id=\"5048b71\" data-element_type=\"widget\" data-widget_type=\"heading.default\">\n\t\t\t\t<div class=\"elementor-widget-container\">\n\t\t\t\t\t<h1 class=\"elementor-heading-title elementor-size-default\">Corporativo<\/h1>\t\t\t\t<\/div>\n\t\t\t\t<\/div>\n\t\t\t\t\t<\/div>\n\t\t\t\t<\/div>\n\t\t<div class=\"elementor-element elementor-element-4c65b09 e-flex e-con-boxed e-con e-parent\" data-id=\"4c65b09\" data-element_type=\"container\" id=\"hakkimizda\">\n\t\t\t\t\t<div class=\"e-con-inner\">\n\t\t<div class=\"elementor-element elementor-element-515bc12 e-con-full e-flex e-con e-child\" data-id=\"515bc12\" data-element_type=\"container\">\n\t\t\t\t<div class=\"elementor-element elementor-element-6dedd80 elementor-widget elementor-widget-html\" data-id=\"6dedd80\" data-element_type=\"widget\" data-widget_type=\"html.default\">\n\t\t\t\t<div class=\"elementor-widget-container\">\n\t\t\t\t\t<script>document.addEventListener(\"DOMContentLoaded\", function() {\n        var containers = document.querySelectorAll('#hakkimizda, #sertifika, #vizyon-misyon');\n\n        function updateUrlBasedOnVisibleContainer() {\n            var visibleContainer = getVisibleContainer();\n\n            if (visibleContainer) {\n                var containerHeight = visibleContainer.clientHeight;\n                var containerTop = visibleContainer.getBoundingClientRect().top;\n                var isVisible = containerTop >= -containerHeight \/ 2 && containerTop <= window.innerHeight - containerHeight \/ 2; if (isVisible) { window.history.replaceState(null, null, '#' + visibleContainer.id); } } } function getVisibleContainer() { for (var i = 0; i <containers.length; i++) { var container = containers[i]; var rect = container.getBoundingClientRect(); if (rect.top <= window.innerHeight \/ 2 && rect.bottom>= window.innerHeight \/ 2) {\n                    return container;\n                }\n            }\n            return null;\n        }\n\n        window.addEventListener('scroll', updateUrlBasedOnVisibleContainer);\n\n        var hash = window.location.hash.substr(1);\n        var targetContainer = document.getElementById(hash);\n        if (targetContainer) {\n            targetContainer.scrollIntoView({ behavior: \"smooth\" });\n        }\n    });\n<\/script>\t\t\t\t<\/div>\n\t\t\t\t<\/div>\n\t\t\t\t<div class=\"elementor-element elementor-element-de61cd8 elementor-widget elementor-widget-heading\" data-id=\"de61cd8\" data-element_type=\"widget\" data-widget_type=\"heading.default\">\n\t\t\t\t<div class=\"elementor-widget-container\">\n\t\t\t\t\t<h2 class=\"elementor-heading-title elementor-size-default\">Acerca de nosotros<\/h2>\t\t\t\t<\/div>\n\t\t\t\t<\/div>\n\t\t\t\t<div class=\"elementor-element elementor-element-60500bd elementor-widget elementor-widget-text-editor\" data-id=\"60500bd\" data-element_type=\"widget\" data-widget_type=\"text-editor.default\">\n\t\t\t\t<div class=\"elementor-widget-container\">\n\t\t\t\t\t\t\t\t\t<p>Label Grup Metal and Machinery es una empresa l\u00edder en producci\u00f3n de metal y maquinaria con sus 19 a\u00f1os de experiencia sectorial y su experimentado equipo. 2005 y\u0131l\u0131nda Kocabeton Bloklar\u0131 Gebze Sanayi sitesinde kurulan \u015firket, Mehmet \u00c7a\u011flayan taraf\u0131ndan temelleri at\u0131larak, i\u015f ve in\u015faat makineleri, forkliftler, liman ekipmanlar\u0131 ve deniz tarama makinelerine y\u00f6nelik \u00f6zel ata\u015fman \u00fcretiminde uzmanla\u015fm\u0131\u015ft\u0131r. Label Grup, m\u00fc\u015fteri memnuniyetini odak noktas\u0131 olarak benimseyerek, kaliteli \u00fcr\u00fcnleri uygun maliyetlerle sunma konusunda gurur duymaktad\u0131r.  <\/p>\n<p>Label Grup Metal y Makina se distingue por su enfoque de producci\u00f3n a medida al ofrecer soluciones especiales a sus clientes. Utilizando materiales y espesores de chapa superiores a los est\u00e1ndar, dise\u00f1a cada accesorio de la m\u00e1quina de trabajo seg\u00fan las necesidades del cliente. Su experimentado equipo tiene un alto nivel de competencia para comprender y satisfacer las solicitudes de los clientes.  <\/p>\n<p>La empresa se ha ganado la confianza de empresas l\u00edderes en sectores como siderurgias, canteras y puertos, y mantiene su posici\u00f3n de liderazgo en el sector atendiendo r\u00e1pidamente a las demandas de los clientes. Label Grup Metal y Makina revela su diferencia en el sector con los precios competitivos, la calidad de los materiales, los r\u00e1pidos plazos de entrega y el soporte postventa que ofrece a sus clientes. <\/p>\n\t\t\t\t\t\t\t\t<\/div>\n\t\t\t\t<\/div>\n\t\t\t\t<div class=\"elementor-element elementor-element-89837c6 elementor-mobile-align-center elementor-widget elementor-widget-button\" data-id=\"89837c6\" data-element_type=\"widget\" data-widget_type=\"button.default\">\n\t\t\t\t<div class=\"elementor-widget-container\">\n\t\t\t\t\t\t\t\t\t<div class=\"elementor-button-wrapper\">\n\t\t\t\t\t<a class=\"elementor-button elementor-button-link elementor-size-md\" href=\"https:\/\/labelmakina.com.tr\/es\/contacto\/\">\n\t\t\t\t\t\t<span class=\"elementor-button-content-wrapper\">\n\t\t\t\t\t\t\t\t\t<span class=\"elementor-button-text\">Contacto<\/span>\n\t\t\t\t\t<\/span>\n\t\t\t\t\t<\/a>\n\t\t\t\t<\/div>\n\t\t\t\t\t\t\t\t<\/div>\n\t\t\t\t<\/div>\n\t\t\t\t<\/div>\n\t\t<div class=\"elementor-element elementor-element-2d07578 e-con-full e-flex e-con e-child\" data-id=\"2d07578\" data-element_type=\"container\">\n\t\t\t\t<div class=\"elementor-element elementor-element-469c432 elementor-widget elementor-widget-image\" data-id=\"469c432\" data-element_type=\"widget\" data-widget_type=\"image.default\">\n\t\t\t\t<div class=\"elementor-widget-container\">\n\t\t\t\t\t\t\t\t\t\t\t\t\t\t\t<img fetchpriority=\"high\" decoding=\"async\" width=\"940\" height=\"384\" src=\"https:\/\/labelmakina.com.tr\/wp-content\/uploads\/Label-Grup-6.jpeg\" class=\"attachment-large size-large wp-image-2911\" alt=\"\" srcset=\"https:\/\/labelmakina.com.tr\/wp-content\/uploads\/Label-Grup-6.jpeg 940w, https:\/\/labelmakina.com.tr\/wp-content\/uploads\/Label-Grup-6-300x123.jpeg 300w, https:\/\/labelmakina.com.tr\/wp-content\/uploads\/Label-Grup-6-150x61.jpeg 150w, https:\/\/labelmakina.com.tr\/wp-content\/uploads\/Label-Grup-6-768x314.jpeg 768w\" sizes=\"(max-width: 940px) 100vw, 940px\" \/>\t\t\t\t\t\t\t\t\t\t\t\t\t\t\t<\/div>\n\t\t\t\t<\/div>\n\t\t\t\t<div class=\"elementor-element elementor-element-69e1348 elementor-widget elementor-widget-image\" data-id=\"69e1348\" data-element_type=\"widget\" data-widget_type=\"image.default\">\n\t\t\t\t<div class=\"elementor-widget-container\">\n\t\t\t\t\t\t\t\t\t\t\t\t\t\t\t<img decoding=\"async\" width=\"940\" height=\"384\" src=\"https:\/\/labelmakina.com.tr\/wp-content\/uploads\/Label-Grup-7.jpeg\" class=\"attachment-large size-large wp-image-2913\" alt=\"\" srcset=\"https:\/\/labelmakina.com.tr\/wp-content\/uploads\/Label-Grup-7.jpeg 940w, https:\/\/labelmakina.com.tr\/wp-content\/uploads\/Label-Grup-7-300x123.jpeg 300w, https:\/\/labelmakina.com.tr\/wp-content\/uploads\/Label-Grup-7-150x61.jpeg 150w, https:\/\/labelmakina.com.tr\/wp-content\/uploads\/Label-Grup-7-768x314.jpeg 768w\" sizes=\"(max-width: 940px) 100vw, 940px\" \/>\t\t\t\t\t\t\t\t\t\t\t\t\t\t\t<\/div>\n\t\t\t\t<\/div>\n\t\t\t\t<\/div>\n\t\t\t\t\t<\/div>\n\t\t\t\t<\/div>\n\t\t<div class=\"elementor-element elementor-element-f4163f4 e-flex e-con-boxed e-con e-parent\" data-id=\"f4163f4\" data-element_type=\"container\" id=\"vizyon-misyon\" data-settings=\"{&quot;background_background&quot;:&quot;classic&quot;}\">\n\t\t\t\t\t<div class=\"e-con-inner\">\n\t\t<div class=\"elementor-element elementor-element-f137596 e-con-full e-flex e-con e-child\" data-id=\"f137596\" data-element_type=\"container\">\n\t\t\t\t<div class=\"elementor-element elementor-element-05a0880 elementor-widget elementor-widget-image\" data-id=\"05a0880\" data-element_type=\"widget\" data-widget_type=\"image.default\">\n\t\t\t\t<div class=\"elementor-widget-container\">\n\t\t\t\t\t\t\t\t\t\t\t\t\t\t\t<img decoding=\"async\" width=\"1024\" height=\"768\" src=\"https:\/\/labelmakina.com.tr\/wp-content\/uploads\/Label-Grup-3-1024x768.jpeg\" class=\"attachment-large size-large wp-image-2905\" alt=\"\" srcset=\"https:\/\/labelmakina.com.tr\/wp-content\/uploads\/Label-Grup-3-1024x768.jpeg 1024w, https:\/\/labelmakina.com.tr\/wp-content\/uploads\/Label-Grup-3-300x225.jpeg 300w, https:\/\/labelmakina.com.tr\/wp-content\/uploads\/Label-Grup-3-150x113.jpeg 150w, https:\/\/labelmakina.com.tr\/wp-content\/uploads\/Label-Grup-3-768x576.jpeg 768w, https:\/\/labelmakina.com.tr\/wp-content\/uploads\/Label-Grup-3-400x300.jpeg 400w, https:\/\/labelmakina.com.tr\/wp-content\/uploads\/Label-Grup-3.jpeg 1280w\" sizes=\"(max-width: 1024px) 100vw, 1024px\" \/>\t\t\t\t\t\t\t\t\t\t\t\t\t\t\t<\/div>\n\t\t\t\t<\/div>\n\t\t\t\t<\/div>\n\t\t<div class=\"elementor-element elementor-element-4b13477 e-con-full e-flex e-con e-child\" data-id=\"4b13477\" data-element_type=\"container\">\n\t\t\t\t<div class=\"elementor-element elementor-element-5378124 elementor-widget elementor-widget-heading\" data-id=\"5378124\" data-element_type=\"widget\" data-widget_type=\"heading.default\">\n\t\t\t\t<div class=\"elementor-widget-container\">\n\t\t\t\t\t<h2 class=\"elementor-heading-title elementor-size-default\">Visi\u00f3n y Misi\u00f3n<\/h2>\t\t\t\t<\/div>\n\t\t\t\t<\/div>\n\t\t\t\t<div class=\"elementor-element elementor-element-32681fc elementor-widget elementor-widget-text-editor\" data-id=\"32681fc\" data-element_type=\"widget\" data-widget_type=\"text-editor.default\">\n\t\t\t\t<div class=\"elementor-widget-container\">\n\t\t\t\t\t\t\t\t\t<p>Label Grup Metal y Makina tiene la visi\u00f3n de ser una marca que sigue de cerca las necesidades cambiantes del sector y ofrece soluciones innovadoras a sus clientes. Su objetivo es estar en una posici\u00f3n de liderazgo en el sector con un desarrollo e innovaci\u00f3n continuos. Su objetivo es mantener su liderazgo en el sector priorizando la satisfacci\u00f3n del cliente y ofreciendo productos de calidad a precios asequibles.  <\/p>\n<p>Label Grup Metal y Makina, con sus 19 a\u00f1os de experiencia en el sector, ha adoptado la misi\u00f3n de hacer su negocio econ\u00f3mico, f\u00e1cil y eficiente, eligiendo el producto adecuado y produciendo soluciones orientadas al cliente. Como fabricante orgulloso con su equipo experimentado y dedicado, su objetivo es garantizar la satisfacci\u00f3n del cliente en cada etapa y liderar los cambios en la industria. Su objetivo es lograr avances comerciales en todo T\u00fcrkiye y en el \u00e1mbito internacional.  <\/p>\t\t\t\t\t\t\t\t<\/div>\n\t\t\t\t<\/div>\n\t\t\t\t<\/div>\n\t\t\t\t\t<\/div>\n\t\t\t\t<\/div>\n\t\t<div class=\"elementor-element elementor-element-41904a0 e-flex e-con-boxed e-con e-parent\" data-id=\"41904a0\" data-element_type=\"container\" id=\"sertifika\">\n\t\t\t\t\t<div class=\"e-con-inner\">\n\t\t\t\t<div class=\"elementor-element elementor-element-35098d6 elementor-widget__width-inherit elementor-widget elementor-widget-heading\" data-id=\"35098d6\" data-element_type=\"widget\" data-widget_type=\"heading.default\">\n\t\t\t\t<div class=\"elementor-widget-container\">\n\t\t\t\t\t<h2 class=\"elementor-heading-title elementor-size-default\">Certificados<\/h2>\t\t\t\t<\/div>\n\t\t\t\t<\/div>\n\t\t\t\t<div class=\"elementor-element elementor-element-0ca4a09 elementor-widget__width-initial elementor-widget elementor-widget-image\" data-id=\"0ca4a09\" data-element_type=\"widget\" data-widget_type=\"image.default\">\n\t\t\t\t<div class=\"elementor-widget-container\">\n\t\t\t\t\t\t\t\t\t\t\t\t\t\t\t\t<a href=\"http:\/\/labelmakina.com.tr\/wp-content\/uploads\/tescil.pdf\">\n\t\t\t\t\t\t\t<img loading=\"lazy\" decoding=\"async\" width=\"502\" height=\"716\" src=\"https:\/\/labelmakina.com.tr\/wp-content\/uploads\/tescil-e1704558454110.jpeg\" class=\"attachment-medium_large size-medium_large wp-image-2729\" alt=\"\" srcset=\"https:\/\/labelmakina.com.tr\/wp-content\/uploads\/tescil-e1704558454110.jpeg 502w, https:\/\/labelmakina.com.tr\/wp-content\/uploads\/tescil-e1704558454110-210x300.jpeg 210w, https:\/\/labelmakina.com.tr\/wp-content\/uploads\/tescil-e1704558454110-105x150.jpeg 105w\" sizes=\"(max-width: 502px) 100vw, 502px\" \/>\t\t\t\t\t\t\t\t<\/a>\n\t\t\t\t\t\t\t\t\t\t\t\t\t\t\t<\/div>\n\t\t\t\t<\/div>\n\t\t\t\t<div class=\"elementor-element elementor-element-0e3f496 elementor-widget__width-initial elementor-widget-mobile__width-initial elementor-widget elementor-widget-image\" data-id=\"0e3f496\" data-element_type=\"widget\" data-widget_type=\"image.default\">\n\t\t\t\t<div class=\"elementor-widget-container\">\n\t\t\t\t\t\t\t\t\t\t\t\t\t\t\t\t<a href=\"http:\/\/labelmakina.com.tr\/wp-content\/uploads\/PROFIL-ATASMANI-2023-CE-BELGESI.pdf\">\n\t\t\t\t\t\t\t<img loading=\"lazy\" decoding=\"async\" width=\"507\" height=\"720\" src=\"https:\/\/labelmakina.com.tr\/wp-content\/uploads\/profil-atasmani.jpeg\" class=\"attachment-medium_large size-medium_large wp-image-2731\" alt=\"\" srcset=\"https:\/\/labelmakina.com.tr\/wp-content\/uploads\/profil-atasmani.jpeg 507w, https:\/\/labelmakina.com.tr\/wp-content\/uploads\/profil-atasmani-211x300.jpeg 211w, https:\/\/labelmakina.com.tr\/wp-content\/uploads\/profil-atasmani-106x150.jpeg 106w\" sizes=\"(max-width: 507px) 100vw, 507px\" \/>\t\t\t\t\t\t\t\t<\/a>\n\t\t\t\t\t\t\t\t\t\t\t\t\t\t\t<\/div>\n\t\t\t\t<\/div>\n\t\t\t\t<div class=\"elementor-element elementor-element-ce9e0b6 elementor-widget__width-initial elementor-widget-mobile__width-initial elementor-widget elementor-widget-image\" data-id=\"ce9e0b6\" data-element_type=\"widget\" data-widget_type=\"image.default\">\n\t\t\t\t<div class=\"elementor-widget-container\">\n\t\t\t\t\t\t\t\t\t\t\t\t\t\t\t\t<a href=\"http:\/\/labelmakina.com.tr\/wp-content\/uploads\/COIL-RAM-2023-CE-BELGESI.pdf\">\n\t\t\t\t\t\t\t<img loading=\"lazy\" decoding=\"async\" width=\"507\" height=\"720\" src=\"https:\/\/labelmakina.com.tr\/wp-content\/uploads\/coil-ram-1.jpeg\" class=\"attachment-medium_large size-medium_large wp-image-2733\" alt=\"\" srcset=\"https:\/\/labelmakina.com.tr\/wp-content\/uploads\/coil-ram-1.jpeg 507w, https:\/\/labelmakina.com.tr\/wp-content\/uploads\/coil-ram-1-211x300.jpeg 211w, https:\/\/labelmakina.com.tr\/wp-content\/uploads\/coil-ram-1-106x150.jpeg 106w\" sizes=\"(max-width: 507px) 100vw, 507px\" \/>\t\t\t\t\t\t\t\t<\/a>\n\t\t\t\t\t\t\t\t\t\t\t\t\t\t\t<\/div>\n\t\t\t\t<\/div>\n\t\t\t\t\t<\/div>\n\t\t\t\t<\/div>\n\t\t\t\t<\/div>\n\t\t","protected":false},"excerpt":{"rendered":"<p>Corporativo Acerca de nosotros Label Grup Metal and Machinery es una empresa l\u00edder en producci\u00f3n de metal y maquinaria con sus 19 a\u00f1os de experiencia sectorial y su experimentado equipo. 2005 y\u0131l\u0131nda Kocabeton Bloklar\u0131 Gebze Sanayi sitesinde kurulan \u015firket, Mehmet \u00c7a\u011flayan taraf\u0131ndan temelleri at\u0131larak, i\u015f ve in\u015faat makineleri, forkliftler, liman ekipmanlar\u0131 ve deniz tarama makinelerine [&hellip;]<\/p>\n","protected":false},"author":2,"featured_media":0,"parent":0,"menu_order":0,"comment_status":"closed","ping_status":"closed","template":"elementor_header_footer","meta":{"om_disable_all_campaigns":false,"_monsterinsights_skip_tracking":false,"_monsterinsights_sitenote_active":false,"_monsterinsights_sitenote_note":"","_monsterinsights_sitenote_category":0,"footnotes":""},"class_list":["post-3011","page","type-page","status-publish","hentry"],"blocksy_meta":{"page_title_panel":"","has_hero_section":"disabled","9a35d6300724d16f2d55836fdfcabdd7":"","hero_section":"type-1","hero_elements":[{"id":"custom_title","enabled":true,"heading_tag":"h1","title":"Home"},{"id":"custom_description","enabled":true,"description_visibility":{"desktop":true,"tablet":true,"mobile":false}},{"id":"custom_meta","enabled":false,"meta_elements":[{"id":"author","enabled":true,"label":"By","has_author_avatar":"yes","avatar_size":25},{"id":"post_date","enabled":true,"label":"On","date_format_source":"default","date_format":"M j, Y"},{"id":"updated_date","enabled":false,"label":"On","date_format_source":"default","date_format":"M j, Y"},{"id":"categories","enabled":false,"label":"In","style":"simple"},{"id":"comments","enabled":true}],"page_meta_elements":{"joined":true,"articles_count":true,"comments":true}},{"id":"breadcrumbs","enabled":false}],"5c6d2da6ec2cfc663e8d775d2f1ec022":"","hero_alignment1":"CT_CSS_SKIP_RULE","hero_margin":40,"hero_alignment2":"center","hero_vertical_alignment":"center","2b0af914513f89fb5edb12545f1745bc":"","hero_structure":"narrow","2b28b839438a7f2f102fcc06823e4a11":"","page_title_bg_type":"featured_image","custom_hero_background":{"attachment_id":null},"page_title_image_size":"full","parallax":{"desktop":false,"tablet":false,"mobile":false},"82838db4e129e7d0a64b41af777b79e9":"","hero_height":"250px","pageTitleFont":{"family":"Default","variation":"Default","size":"30px","line-height":"CT_CSS_SKIP_RULE","letter-spacing":"CT_CSS_SKIP_RULE","text-transform":"CT_CSS_SKIP_RULE","text-decoration":"CT_CSS_SKIP_RULE"},"pageTitleFontColor":{"default":{"color":"CT_CSS_SKIP_RULEDEFAULT"}},"pageMetaFont":{"family":"Default","variation":"n6","size":"12px","line-height":"1.3","letter-spacing":"CT_CSS_SKIP_RULE","text-transform":"uppercase","text-decoration":"CT_CSS_SKIP_RULE"},"pageMetaFontColor":{"default":{"color":"CT_CSS_SKIP_RULEDEFAULT"},"hover":{"color":"CT_CSS_SKIP_RULEDEFAULT"}},"page_meta_button_type_font_colors":{"default":{"color":"CT_CSS_SKIP_RULEDEFAULT"},"hover":{"color":"CT_CSS_SKIP_RULEDEFAULT"}},"page_meta_button_type_background_colors":{"default":{"color":"CT_CSS_SKIP_RULEDEFAULT"},"hover":{"color":"CT_CSS_SKIP_RULEDEFAULT"}},"pageExcerptFont":{"family":"Default","variation":"Default","size":"CT_CSS_SKIP_RULE","line-height":"CT_CSS_SKIP_RULE","letter-spacing":"CT_CSS_SKIP_RULE","text-transform":"CT_CSS_SKIP_RULE","text-decoration":"CT_CSS_SKIP_RULE"},"pageExcerptColor":{"default":{"color":"CT_CSS_SKIP_RULEDEFAULT"}},"breadcrumbsFont":{"family":"Default","variation":"Default","size":"CT_CSS_SKIP_RULE","line-height":"CT_CSS_SKIP_RULE","letter-spacing":"CT_CSS_SKIP_RULE","text-transform":"CT_CSS_SKIP_RULE","text-decoration":"CT_CSS_SKIP_RULE"},"breadcrumbsFontColor":{"default":{"color":"CT_CSS_SKIP_RULEDEFAULT"},"initial":{"color":"CT_CSS_SKIP_RULEDEFAULT"},"hover":{"color":"CT_CSS_SKIP_RULEDEFAULT"}},"pageTitleOverlay":{"background_type":"color","background_pattern":"type-1","background_image":{"attachment_id":null,"x":0,"y":0},"gradient":"linear-gradient(135deg,rgba(6,147,227,1) 0%,rgb(155,81,224) 100%)","background_repeat":"repeat","background_size":"auto","background_attachment":"scroll","patternColor":{"default":{"color":"#e5e7ea"}},"overlayColor":{"default":{"color":"CT_CSS_SKIP_RULE"}},"backgroundColor":{"default":{"color":"CT_CSS_SKIP_RULE"}}},"pageTitleBackground":{"background_type":"color","background_pattern":"type-1","background_image":{"attachment_id":null,"x":0,"y":0},"gradient":"linear-gradient(135deg,rgba(6,147,227,1) 0%,rgb(155,81,224) 100%)","background_repeat":"repeat","background_size":"auto","background_attachment":"scroll","patternColor":{"default":{"color":"#e5e7ea"}},"overlayColor":{"default":{"color":"CT_CSS_SKIP_RULE"}},"backgroundColor":{"default":{"color":"var(--theme-palette-color-6)"}}},"pageTitlePadding":{"top":"50px","bottom":"50px","left":"auto","right":"auto","linked":true},"ba52867089f8f665796409cb04f7f4ce":"","page_structure_type":"default","cf1e421ad4816a22f38e0fbf52eee9cf":"","content_style_source":"inherit","content_style":"wide","vertical_spacing_source":"custom","content_area_spacing":"none","background":{"background_type":"color","background_pattern":"type-1","background_image":{"attachment_id":null,"x":0,"y":0},"gradient":"linear-gradient(135deg,rgba(6,147,227,1) 0%,rgb(155,81,224) 100%)","background_repeat":"repeat","background_size":"auto","background_attachment":"scroll","patternColor":{"default":{"color":"#e5e7ea"}},"overlayColor":{"default":{"color":"CT_CSS_SKIP_RULE"}},"backgroundColor":{"default":{"color":"CT_CSS_SKIP_RULE"}}},"content_background":{"background_type":"color","background_pattern":"type-1","background_image":{"attachment_id":null,"x":0,"y":0},"gradient":"linear-gradient(135deg,rgba(6,147,227,1) 0%,rgb(155,81,224) 100%)","background_repeat":"repeat","background_size":"auto","background_attachment":"scroll","patternColor":{"default":{"color":"#e5e7ea"}},"overlayColor":{"default":{"color":"CT_CSS_SKIP_RULE"}},"backgroundColor":{"default":{"color":"var(--theme-palette-color-8)"}}},"content_boxed_shadow":{"inherit":false,"blur":18,"spread":-6,"v_offset":12,"h_offset":0,"inset":false,"enable":true,"color":{"color":"rgba(34, 56, 101, 0.04)"}},"content_boxed_border":{"width":1,"style":"none","color":{"color":"rgba(44,62,80,0.2)"}},"content_boxed_radius":{"top":"3px","bottom":"3px","left":"3px","right":"3px","linked":true},"boxed_content_spacing":{"desktop":{"top":"40px","bottom":"40px","left":"40px","right":"40px","linked":true},"tablet":{"top":"35px","bottom":"35px","left":"35px","right":"35px","linked":true},"mobile":{"top":"20px","bottom":"20px","left":"20px","right":"20px","linked":true}},"48f25a16c1e7bd1af600f8aace204912":"","disable_featured_image":"no","disable_share_box":"no","disable_header":"no","disable_footer":"no","styles_descriptor":{"styles":{"desktop":"","tablet":"","mobile":""},"google_fonts":[],"version":6}},"aioseo_notices":[],"_links":{"self":[{"href":"https:\/\/labelmakina.com.tr\/es\/wp-json\/wp\/v2\/pages\/3011","targetHints":{"allow":["GET"]}}],"collection":[{"href":"https:\/\/labelmakina.com.tr\/es\/wp-json\/wp\/v2\/pages"}],"about":[{"href":"https:\/\/labelmakina.com.tr\/es\/wp-json\/wp\/v2\/types\/page"}],"author":[{"embeddable":true,"href":"https:\/\/labelmakina.com.tr\/es\/wp-json\/wp\/v2\/users\/2"}],"replies":[{"embeddable":true,"href":"https:\/\/labelmakina.com.tr\/es\/wp-json\/wp\/v2\/comments?post=3011"}],"version-history":[{"count":0,"href":"https:\/\/labelmakina.com.tr\/es\/wp-json\/wp\/v2\/pages\/3011\/revisions"}],"wp:attachment":[{"href":"https:\/\/labelmakina.com.tr\/es\/wp-json\/wp\/v2\/media?parent=3011"}],"curies":[{"name":"wp","href":"https:\/\/api.w.org\/{rel}","templated":true}]}}