{"id":3066,"date":"2024-02-01T13:16:29","date_gmt":"2024-02-01T10:16:29","guid":{"rendered":"https:\/\/labelmakina.com.tr\/urun\/bunker\/"},"modified":"2024-02-01T13:16:29","modified_gmt":"2024-02-01T10:16:29","slug":"bunker","status":"publish","type":"product","link":"https:\/\/labelmakina.com.tr\/es\/producto\/bunker\/","title":{"rendered":"Bunker"},"content":{"rendered":"<p>Los b\u00fankeres pueden fabricarse en distintos materiales y tama\u00f1os seg\u00fan el tipo de material y el uso previsto. Por ejemplo, las tolvas utilizadas para almacenar carb\u00f3n suelen ser de metal y de grandes dimensiones.<\/p>\n<p>Los b\u00fankeres son una herramienta importante para almacenar materiales de forma segura y eficiente. Las tolvas protegen el material y garantizan un flujo eficaz del mismo.<\/p>\n<p>Algunos ejemplos seg\u00fan las zonas de uso de los b\u00fankeres:<\/p>\n<ul>\n<li>Dep\u00f3sitos de carb\u00f3n<\/li>\n<li>Almacenes de cemento<\/li>\n<li>Harineras<\/li>\n<li>Graneros<\/li>\n<li>Dep\u00f3sitos de mineral de hierro<\/li>\n<li>Dep\u00f3sitos mineros<\/li>\n<li>Dep\u00f3sitos de basura<\/li>\n<li>Dep\u00f3sitos de aguas residuales<\/li>\n<li>Almacenes qu\u00edmicos<\/li>\n<li>Dep\u00f3sitos de la industria de defensa<\/li>\n<\/ul>\n<p>Hoy en d\u00eda tambi\u00e9n se fabrican b\u00fankeres equipados con diversas tecnolog\u00edas. Por ejemplo, pueden utilizarse sensores para controlar el nivel de material dentro de las tolvas. Cuando estos sensores detectan que el nivel de material est\u00e1 disminuyendo, pueden enviar un aviso para llenar autom\u00e1ticamente el b\u00fanker.<\/p>\n","protected":false},"excerpt":{"rendered":"<p>Bunker es una estructura utilizada generalmente para el almacenamiento de materiales a granel. Los b\u00fankeres tienen aberturas de descarga troncoc\u00f3nicas o piramidales. Estas aberturas garantizan la descarga segura de los materiales del dep\u00f3sito.<\/p>\n<p>Los b\u00fankeres se utilizan ampliamente en diversas plantas industriales y f\u00e1bricas. Por ejemplo, los b\u00fankeres se utilizan para almacenar materiales como carb\u00f3n, cemento, harina, grano, mineral de hierro y mena.<\/p>\n","protected":false},"featured_media":2761,"template":"","meta":{"om_disable_all_campaigns":false,"_monsterinsights_skip_tracking":false,"_monsterinsights_sitenote_active":false,"_monsterinsights_sitenote_note":"","_monsterinsights_sitenote_category":0},"product_brand":[],"product_cat":[63],"product_tag":[],"class_list":{"0":"post-3066","1":"product","2":"type-product","3":"status-publish","4":"has-post-thumbnail","6":"product_cat-otros-productos","8":"first","9":"instock","10":"shipping-taxable","11":"product-type-simple"},"aioseo_notices":[],"_links":{"self":[{"href":"https:\/\/labelmakina.com.tr\/es\/wp-json\/wp\/v2\/product\/3066","targetHints":{"allow":["GET"]}}],"collection":[{"href":"https:\/\/labelmakina.com.tr\/es\/wp-json\/wp\/v2\/product"}],"about":[{"href":"https:\/\/labelmakina.com.tr\/es\/wp-json\/wp\/v2\/types\/product"}],"wp:featuredmedia":[{"embeddable":true,"href":"https:\/\/labelmakina.com.tr\/es\/wp-json\/wp\/v2\/media\/2761"}],"wp:attachment":[{"href":"https:\/\/labelmakina.com.tr\/es\/wp-json\/wp\/v2\/media?parent=3066"}],"wp:term":[{"taxonomy":"product_brand","embeddable":true,"href":"https:\/\/labelmakina.com.tr\/es\/wp-json\/wp\/v2\/product_brand?post=3066"},{"taxonomy":"product_cat","embeddable":true,"href":"https:\/\/labelmakina.com.tr\/es\/wp-json\/wp\/v2\/product_cat?post=3066"},{"taxonomy":"product_tag","embeddable":true,"href":"https:\/\/labelmakina.com.tr\/es\/wp-json\/wp\/v2\/product_tag?post=3066"}],"curies":[{"name":"wp","href":"https:\/\/api.w.org\/{rel}","templated":true}]}}