{"id":3069,"date":"2024-01-06T11:04:24","date_gmt":"2024-01-06T08:04:24","guid":{"rendered":"https:\/\/labelmakina.com.tr\/urun\/cuchara-cargadora\/"},"modified":"2024-02-04T21:09:20","modified_gmt":"2024-02-04T18:09:20","slug":"cuchara-cargadora","status":"publish","type":"product","link":"https:\/\/labelmakina.com.tr\/es\/producto\/cuchara-cargadora\/","title":{"rendered":"Cuchara cargadora"},"content":{"rendered":"<p>Las cucharas cargadoras se fabrican en varias formas y tama\u00f1os para manipular distintos materiales. En general, las cucharas cargadoras pueden clasificarse de la siguiente manera:<\/p>\n<p>&#8211; Cucharas excavadoras: El tipo de cuchara cargadora m\u00e1s utilizado. Tierra, arena, escombros, etc. utilizado para materiales de excavaci\u00f3n.<\/p>\n<p>&#8211; Cubos de transporte: Tierra, arena, escombros, etc. utilizados para cargar y transportar materiales.<\/p>\n<p>&#8211; Otros cazos: Cucharas para aplicaciones especiales, por ejemplo, cucharas para poda de \u00e1rboles, cucharas para hormig\u00f3n, etc.<\/p>\n<p>Las principales caracter\u00edsticas de las cucharas cargadoras son las siguientes:<\/p>\n<p>&#8211; Anchura: La anchura de la cuchara determina la cantidad de material que puede transportar.<\/p>\n<p>&#8211; La altura: La altura de la cuchara determina la altura del material que puede transportar la cuchara.<\/p>\n<p>&#8211; Profundidad: La profundidad de la cuchara determina la profundidad del material que puede excavar la cuchara.<\/p>\n<p>&#8211; Descripci\u00f3n: La abertura de la boca de la cuchara determina el tama\u00f1o del material que puede excavar la cuchara.<\/p>\n<p>&#8211; Material: Cubos, acero, aluminio, etc. pueden producirse a partir de materiales.<\/p>\n<p>Las cucharas de la cargadora afectan significativamente al rendimiento de la cargadora. Elegir la cuchara adecuada puede mejorar la eficacia y la seguridad en el trabajo.<\/p>\n<p>Algunas caracter\u00edsticas t\u00e9cnicas de las cucharas cargadoras son las siguientes:<\/p>\n<p>&#8211; Anchura: De 1 metro a 5 metros.<\/p>\n<p>&#8211; Altura: De 1 metro a 3 metros.<\/p>\n<p>&#8211; Profundidad: de 0,5 metros a 2 metros.<\/p>\n<p>&#8211; Descripci\u00f3n: De 1 metro a 2 metros.<\/p>\n<p>&#8211; Material: Acero, aluminio, etc.<\/p>\n<p>Las cucharas cargadoras se utilizan ampliamente en la construcci\u00f3n, la miner\u00eda, la agricultura, etc. utilizado en muchos \u00e1mbitos.<\/p>\n","protected":false},"excerpt":{"rendered":"<p>La densidad m\u00e1xima recomendada del material de esta cuchara, que es adecuada para uso ligero y medio en el tipo de cuchara de uso general, es de 1,8 t\/m\u00b3. Adecuado para materiales h\u00famedos como arcilla, arena, grava. Si se desea, tambi\u00e9n se pueden fabricar del tipo atornillado con cuchillas de extracci\u00f3n.<\/p>\n<p>La cuchara cargadora es la principal herramienta de trabajo de las cargadoras. Tierra, arena, escombros, etc. utilizados para la carga, descarga y transporte de materiales. Las cucharas cargadoras trabajan conjuntamente con la pluma y el brazo de la cargadora.<\/p>\n","protected":false},"featured_media":2659,"template":"","meta":{"om_disable_all_campaigns":false,"_monsterinsights_skip_tracking":false,"_monsterinsights_sitenote_active":false,"_monsterinsights_sitenote_note":"","_monsterinsights_sitenote_category":0},"product_brand":[],"product_cat":[65],"product_tag":[],"class_list":{"0":"post-3069","1":"product","2":"type-product","3":"status-publish","4":"has-post-thumbnail","6":"product_cat-maquinas-de-trabajo","8":"first","9":"instock","10":"shipping-taxable","11":"product-type-simple"},"aioseo_notices":[],"_links":{"self":[{"href":"https:\/\/labelmakina.com.tr\/es\/wp-json\/wp\/v2\/product\/3069","targetHints":{"allow":["GET"]}}],"collection":[{"href":"https:\/\/labelmakina.com.tr\/es\/wp-json\/wp\/v2\/product"}],"about":[{"href":"https:\/\/labelmakina.com.tr\/es\/wp-json\/wp\/v2\/types\/product"}],"wp:featuredmedia":[{"embeddable":true,"href":"https:\/\/labelmakina.com.tr\/es\/wp-json\/wp\/v2\/media\/2659"}],"wp:attachment":[{"href":"https:\/\/labelmakina.com.tr\/es\/wp-json\/wp\/v2\/media?parent=3069"}],"wp:term":[{"taxonomy":"product_brand","embeddable":true,"href":"https:\/\/labelmakina.com.tr\/es\/wp-json\/wp\/v2\/product_brand?post=3069"},{"taxonomy":"product_cat","embeddable":true,"href":"https:\/\/labelmakina.com.tr\/es\/wp-json\/wp\/v2\/product_cat?post=3069"},{"taxonomy":"product_tag","embeddable":true,"href":"https:\/\/labelmakina.com.tr\/es\/wp-json\/wp\/v2\/product_tag?post=3069"}],"curies":[{"name":"wp","href":"https:\/\/api.w.org\/{rel}","templated":true}]}}