{"id":3071,"date":"2024-02-01T13:10:10","date_gmt":"2024-02-01T10:10:10","guid":{"rendered":"https:\/\/labelmakina.com.tr\/urun\/aparatos-elevadores-de-pales\/"},"modified":"2024-02-01T13:10:10","modified_gmt":"2024-02-01T10:10:10","slug":"aparatos-elevadores-de-pales","status":"publish","type":"product","link":"https:\/\/labelmakina.com.tr\/es\/producto\/aparatos-elevadores-de-pales\/","title":{"rendered":"Aparatos elevadores de pal\u00e9s"},"content":{"rendered":"<p>Los aparatos elevadores de pal\u00e9s se utilizan en muchos \u00e1mbitos de la industria. Por ejemplo, se utiliza mucho en almacenes, f\u00e1bricas, sectores de la construcci\u00f3n y el transporte.<\/p>\n<p>Los aparatos elevadores de pal\u00e9s pueden dividirse en diferentes tipos.<\/p>\n<p>Para utilizar con seguridad un aparato elevador de pal\u00e9s, es importante que tenga el tama\u00f1o y la capacidad de peso adecuados. Tambi\u00e9n es necesario revisar y mantener regularmente el aparato.<\/p>\n<p>Algunas precauciones de seguridad relacionadas con los aparatos elevadores de pal\u00e9s son las siguientes:<\/p>\n<ul>\n<li>Aseg\u00farese de que el aparato no est\u00e1 cargado por encima de su capacidad de elevaci\u00f3n.<\/li>\n<li>Fije firmemente el aparato a la gr\u00faa u otro equipo de elevaci\u00f3n.<\/li>\n<li>Aseg\u00farese de que el aparato sea utilizado \u00fanicamente por personal debidamente formado y autorizado.<\/li>\n<li>Aseg\u00farese de que el aparato se revisa y mantiene con regularidad.<\/li>\n<\/ul>\n<p>Ventajas de los elevadores de pal\u00e9s<\/p>\n<ul>\n<li>Proporciona una elevaci\u00f3n y un transporte seguros y eficaces de pal\u00e9s y cargas sobre ellos.<\/li>\n<li>Ahorra tiempo y trabajo.<\/li>\n<li>Reduce el riesgo de accidentes.<\/li>\n<\/ul>\n","protected":false},"excerpt":{"rendered":"<p>El aparato elevador de pal\u00e9s es una herramienta utilizada para elevar y transportar pal\u00e9s y cargas sobre ellos. Suelen estar fabricados con materiales duraderos, como acero o aluminio, y los hay de distintos tama\u00f1os y formas.<\/p>\n<p>Las principales tareas del aparato elevador de pal\u00e9s son las siguientes:<\/p>\n<ul>\n<li>Levantar y transportar pal\u00e9s y cargas sobre ellos de forma suave y equilibrada.<\/li>\n<li>Garantizar que las paletas y las cargas que contienen est\u00e9n bien sujetas a las gr\u00faas u otros equipos de elevaci\u00f3n.<\/li>\n<li>Evitar da\u00f1os en los pal\u00e9s y en las cargas que contienen<\/li>\n<\/ul>\n","protected":false},"featured_media":2753,"template":"","meta":{"om_disable_all_campaigns":false,"_monsterinsights_skip_tracking":false,"_monsterinsights_sitenote_active":false,"_monsterinsights_sitenote_note":"","_monsterinsights_sitenote_category":0},"product_brand":[],"product_cat":[61],"product_tag":[],"class_list":{"0":"post-3071","1":"product","2":"type-product","3":"status-publish","4":"has-post-thumbnail","6":"product_cat-aparatos-de-elevacion-de-cargas","8":"first","9":"instock","10":"shipping-taxable","11":"product-type-simple"},"aioseo_notices":[],"_links":{"self":[{"href":"https:\/\/labelmakina.com.tr\/es\/wp-json\/wp\/v2\/product\/3071","targetHints":{"allow":["GET"]}}],"collection":[{"href":"https:\/\/labelmakina.com.tr\/es\/wp-json\/wp\/v2\/product"}],"about":[{"href":"https:\/\/labelmakina.com.tr\/es\/wp-json\/wp\/v2\/types\/product"}],"wp:featuredmedia":[{"embeddable":true,"href":"https:\/\/labelmakina.com.tr\/es\/wp-json\/wp\/v2\/media\/2753"}],"wp:attachment":[{"href":"https:\/\/labelmakina.com.tr\/es\/wp-json\/wp\/v2\/media?parent=3071"}],"wp:term":[{"taxonomy":"product_brand","embeddable":true,"href":"https:\/\/labelmakina.com.tr\/es\/wp-json\/wp\/v2\/product_brand?post=3071"},{"taxonomy":"product_cat","embeddable":true,"href":"https:\/\/labelmakina.com.tr\/es\/wp-json\/wp\/v2\/product_cat?post=3071"},{"taxonomy":"product_tag","embeddable":true,"href":"https:\/\/labelmakina.com.tr\/es\/wp-json\/wp\/v2\/product_tag?post=3071"}],"curies":[{"name":"wp","href":"https:\/\/api.w.org\/{rel}","templated":true}]}}