{"id":3075,"date":"2024-01-06T11:05:25","date_gmt":"2024-01-06T08:05:25","guid":{"rendered":"https:\/\/labelmakina.com.tr\/urun\/enganche-rapido\/"},"modified":"2024-01-06T11:05:25","modified_gmt":"2024-01-06T08:05:25","slug":"enganche-rapido","status":"publish","type":"product","link":"https:\/\/labelmakina.com.tr\/es\/producto\/enganche-rapido\/","title":{"rendered":"Enganche r\u00e1pido"},"content":{"rendered":"<p>Ventajas del enganche r\u00e1pido:<\/p>\n<ul type=\"disc\">\n<li>Ahorra tiempo: En lugar de cambiar los implementos manualmente, s\u00f3lo se tarda unos segundos gracias al enganche r\u00e1pido.<\/li>\n<li>Aumenta la eficacia del trabajo: Al reducir las p\u00e9rdidas de tiempo, garantiza que el trabajo se complete con mayor rapidez y eficacia.<\/li>\n<li>Aumenta la seguridad: Evita accidentes al cambiar los accesorios.<\/li>\n<li>Proporciona flexibilidad: Mediante el uso de las diferentes herramientas de trabajo de la excavadora, es posible realizar diferentes trabajos.<\/li>\n<\/ul>\n<p>Principio de funcionamiento del enganche r\u00e1pido:<\/p>\n<p>El enganche r\u00e1pido se monta en el extremo de la excavadora. Los implementos tienen un aparato de conexi\u00f3n compatible con el enganche r\u00e1pido. Para cambiar el implemento, se abre el enganche r\u00e1pido mediante el sistema hidr\u00e1ulico de la excavadora y se retira el implemento. Se inserta el nuevo accesorio y se cierra el enganche r\u00e1pido.<\/p>\n<p>Variantes de enganche r\u00e1pido:<\/p>\n<ul type=\"disc\">\n<li>Enganche r\u00e1pido mec\u00e1nico: Tipo de apertura y cierre manual. Es m\u00e1s econ\u00f3mico, pero funciona m\u00e1s despacio.<\/li>\n<li>Enganche r\u00e1pido hidr\u00e1ulico: Es el tipo que se abre y se cierra mediante el sistema hidr\u00e1ulico. Funciona m\u00e1s r\u00e1pido y es m\u00e1s f\u00e1cil, pero es m\u00e1s caro.<\/li>\n<li>Enganche r\u00e1pido de uso general: Compatible con diferentes tipos de implementos.<\/li>\n<li>Enganche r\u00e1pido especial: Un tipo dise\u00f1ado para un tipo espec\u00edfico de accesorio.<\/li>\n<\/ul>\n<p>Zonas en las que se utiliza el acoplador r\u00e1pido:<\/p>\n<ul type=\"disc\">\n<li>Construcci\u00f3n Demolici\u00f3n, excavaci\u00f3n, relleno, etc.<\/li>\n<li>Miner\u00eda: Trituraci\u00f3n de rocas, excavaci\u00f3n, etc.<\/li>\n<li>Agricultura Labranza, excavaci\u00f3n, etc.<\/li>\n<li>Paisajismo: Poda de \u00e1rboles, excavaci\u00f3n de fosos, etc.<\/li>\n<\/ul>\n","protected":false},"excerpt":{"rendered":"<p>Enganche r\u00e1pido, traducido del ingl\u00e9s significa \u00abacoplamiento r\u00e1pido\u00bb. Se trata de un implemento utilizado en m\u00e1quinas de construcci\u00f3n, especialmente excavadoras. Gracias al enganche r\u00e1pido, es posible cambiar las diferentes herramientas de trabajo de la excavadora (cuchar\u00f3n, martillo, ripper, etc.) de forma r\u00e1pida y sencilla.<\/p>\n<p>El enganche r\u00e1pido es un accesorio importante para aumentar la productividad y la flexibilidad de las excavadoras. Si desea realizar su trabajo de forma m\u00e1s r\u00e1pida y sencilla, deber\u00eda considerar la posibilidad de utilizar un acoplador r\u00e1pido.<\/p>\n","protected":false},"featured_media":2665,"template":"","meta":{"om_disable_all_campaigns":false,"_monsterinsights_skip_tracking":false,"_monsterinsights_sitenote_active":false,"_monsterinsights_sitenote_note":"","_monsterinsights_sitenote_category":0},"product_brand":[],"product_cat":[65],"product_tag":[],"class_list":{"0":"post-3075","1":"product","2":"type-product","3":"status-publish","4":"has-post-thumbnail","6":"product_cat-maquinas-de-trabajo","8":"first","9":"instock","10":"shipping-taxable","11":"product-type-simple"},"aioseo_notices":[],"_links":{"self":[{"href":"https:\/\/labelmakina.com.tr\/es\/wp-json\/wp\/v2\/product\/3075","targetHints":{"allow":["GET"]}}],"collection":[{"href":"https:\/\/labelmakina.com.tr\/es\/wp-json\/wp\/v2\/product"}],"about":[{"href":"https:\/\/labelmakina.com.tr\/es\/wp-json\/wp\/v2\/types\/product"}],"wp:featuredmedia":[{"embeddable":true,"href":"https:\/\/labelmakina.com.tr\/es\/wp-json\/wp\/v2\/media\/2665"}],"wp:attachment":[{"href":"https:\/\/labelmakina.com.tr\/es\/wp-json\/wp\/v2\/media?parent=3075"}],"wp:term":[{"taxonomy":"product_brand","embeddable":true,"href":"https:\/\/labelmakina.com.tr\/es\/wp-json\/wp\/v2\/product_brand?post=3075"},{"taxonomy":"product_cat","embeddable":true,"href":"https:\/\/labelmakina.com.tr\/es\/wp-json\/wp\/v2\/product_cat?post=3075"},{"taxonomy":"product_tag","embeddable":true,"href":"https:\/\/labelmakina.com.tr\/es\/wp-json\/wp\/v2\/product_tag?post=3075"}],"curies":[{"name":"wp","href":"https:\/\/api.w.org\/{rel}","templated":true}]}}