{"id":3078,"date":"2024-01-06T10:58:21","date_gmt":"2024-01-06T07:58:21","guid":{"rendered":"https:\/\/labelmakina.com.tr\/urun\/fabricacion-de-brazos-articulados\/"},"modified":"2024-01-06T10:58:21","modified_gmt":"2024-01-06T07:58:21","slug":"fabricacion-de-brazos-articulados","status":"publish","type":"product","link":"https:\/\/labelmakina.com.tr\/es\/producto\/fabricacion-de-brazos-articulados\/","title":{"rendered":"Fabricaci\u00f3n de brazos articulados"},"content":{"rendered":"<p data-sourcepos=\"3:1-3:38\"><b>Caracter\u00edsticas de Ripper Arm Rock Boom:<\/b><\/p>\n<ul data-sourcepos=\"5:1-9:0\">\n<li data-sourcepos=\"5:1-5:145\">Gran potencia de rotura: Gracias a su brazo de pluma m\u00e1s corto y pesado en comparaci\u00f3n con el brazo de pluma de una excavadora normal, proporciona una mayor potencia de rotura en terrenos duros.<\/li>\n<li data-sourcepos=\"6:1-6:86\">Alto rendimiento: Se afirma que proporciona 10 veces m\u00e1s eficiencia que un martillo hidr\u00e1ulico.<\/li>\n<li data-sourcepos=\"7:1-7:100\">Mayor estabilidad: la pluma y el brazo lastrados ayudan a la excavadora a mantener el equilibrio.<\/li>\n<li data-sourcepos=\"8:1-9:0\">Amplia gama de aplicaciones: Se utiliza en muchas \u00e1reas como la excavaci\u00f3n de terrenos duros, trituraci\u00f3n de rocas, desintegraci\u00f3n de capas de esquisto.<\/li>\n<\/ul>\n<p data-sourcepos=\"10:1-10:38\"><b>Ventajas de la pluma de roca de brazo articulado:<\/b><\/p>\n<ul data-sourcepos=\"12:1-16:0\">\n<li data-sourcepos=\"12:1-12:54\">Es m\u00e1s r\u00e1pido y eficaz que el martillo hidr\u00e1ulico.<\/li>\n<li data-sourcepos=\"13:1-13:54\">Requiere menos mantenimiento que el martillo hidr\u00e1ulico.<\/li>\n<li data-sourcepos=\"14:1-14:38\">Menos ruido y vibraciones.<\/li>\n<li data-sourcepos=\"15:1-16:0\">Es m\u00e1s seguro.<\/li>\n<\/ul>\n<p data-sourcepos=\"23:1-23:44\"><b>\u00c1mbitos de uso de la pluma de roca de brazo articulado:<\/b><\/p>\n<ul data-sourcepos=\"25:1-31:0\">\n<li data-sourcepos=\"25:1-25:16\">Miner\u00eda<\/li>\n<li data-sourcepos=\"26:1-26:17\">Construcci\u00f3n de carreteras<\/li>\n<li data-sourcepos=\"27:1-27:25\">Obras de infraestructura<\/li>\n<li data-sourcepos=\"28:1-28:23\">Construcci\u00f3n ferroviaria<\/li>\n<li data-sourcepos=\"29:1-29:11\">Agricultura<\/li>\n<li data-sourcepos=\"30:1-31:0\">Paisajismo<\/li>\n<\/ul>\n","protected":false},"excerpt":{"rendered":"<p>La pluma de roca de brazo desgarrador es un tipo de accesorio utilizado por las excavadoras para excavar y romper terrenos duros. Tambi\u00e9n conocido como Bom-Arm o Rock Boom.<\/p>\n","protected":false},"featured_media":2883,"template":"","meta":{"om_disable_all_campaigns":false,"_monsterinsights_skip_tracking":false,"_monsterinsights_sitenote_active":false,"_monsterinsights_sitenote_note":"","_monsterinsights_sitenote_category":0},"product_brand":[],"product_cat":[65],"product_tag":[],"class_list":{"0":"post-3078","1":"product","2":"type-product","3":"status-publish","4":"has-post-thumbnail","6":"product_cat-maquinas-de-trabajo","8":"first","9":"instock","10":"shipping-taxable","11":"product-type-simple"},"aioseo_notices":[],"_links":{"self":[{"href":"https:\/\/labelmakina.com.tr\/es\/wp-json\/wp\/v2\/product\/3078","targetHints":{"allow":["GET"]}}],"collection":[{"href":"https:\/\/labelmakina.com.tr\/es\/wp-json\/wp\/v2\/product"}],"about":[{"href":"https:\/\/labelmakina.com.tr\/es\/wp-json\/wp\/v2\/types\/product"}],"wp:featuredmedia":[{"embeddable":true,"href":"https:\/\/labelmakina.com.tr\/es\/wp-json\/wp\/v2\/media\/2883"}],"wp:attachment":[{"href":"https:\/\/labelmakina.com.tr\/es\/wp-json\/wp\/v2\/media?parent=3078"}],"wp:term":[{"taxonomy":"product_brand","embeddable":true,"href":"https:\/\/labelmakina.com.tr\/es\/wp-json\/wp\/v2\/product_brand?post=3078"},{"taxonomy":"product_cat","embeddable":true,"href":"https:\/\/labelmakina.com.tr\/es\/wp-json\/wp\/v2\/product_cat?post=3078"},{"taxonomy":"product_tag","embeddable":true,"href":"https:\/\/labelmakina.com.tr\/es\/wp-json\/wp\/v2\/product_tag?post=3078"}],"curies":[{"name":"wp","href":"https:\/\/api.w.org\/{rel}","templated":true}]}}