{"id":3081,"date":"2024-01-06T12:41:46","date_gmt":"2024-01-06T09:41:46","guid":{"rendered":"https:\/\/labelmakina.com.tr\/urun\/personas-con-cesta\/"},"modified":"2024-01-06T12:41:46","modified_gmt":"2024-01-06T09:41:46","slug":"personas-con-cesta","status":"publish","type":"product","link":"https:\/\/labelmakina.com.tr\/es\/producto\/personas-con-cesta\/","title":{"rendered":"Personas con cesta"},"content":{"rendered":"<p>Puede utilizarse en la construcci\u00f3n, obras, en cualquier entorno con gr\u00faas torre, as\u00ed como en centrales t\u00e9rmicas, puertos, edificios de varias plantas, edificios altos y rascacielos, limpieza de superficies exteriores, servicios de apoyo al mantenimiento. La cesta elevadora de personas permite trabajar con seguridad gracias al suelo antideslizante y a las alturas est\u00e1ndar de las barandillas.<\/p>\n<p>Concebida como cesta de trabajo, la cesta de transporte humano se fabrica en las dimensiones deseadas d\u00e1ndole formas diferentes seg\u00fan el \u00e1rea de uso. Todos los materiales utilizados en nuestra producci\u00f3n 1. clase.<\/p>\n<p>Las cestas elevadoras de personal pueden fabricarse en varios vol\u00famenes, desde capacidad para 1 hasta 4 personas. Las cestas de carga para personal permiten a su personal levantar y trabajar con seguridad. Los controles de carga de prueba se realizan con 3x cargas de prueba.<\/p>\n<p>Las cestas elevadoras de personas con certificaci\u00f3n CE y sometidas a pruebas de carga est\u00e1n equipadas con protecci\u00f3n de techo si se solicita, especialmente al descender al foso del pozo. En este caso, la cesta tambi\u00e9n est\u00e1 protegida contra la ca\u00edda de piezas desde arriba.<\/p>\n","protected":false},"excerpt":{"rendered":"<p>Las cestas de transporte humano, tambi\u00e9n conocidas como cestas gr\u00faa, que facilitan el acceso a zonas de trabajo de dif\u00edcil acceso para el personal y garantizan que el trabajo que deben realizar se haga con seguridad desde la cesta, proporcionan una gran comodidad en las obras de construcci\u00f3n.<\/p>\n","protected":false},"featured_media":2713,"template":"","meta":{"om_disable_all_campaigns":false,"_monsterinsights_skip_tracking":false,"_monsterinsights_sitenote_active":false,"_monsterinsights_sitenote_note":"","_monsterinsights_sitenote_category":0},"product_brand":[],"product_cat":[63],"product_tag":[],"class_list":{"0":"post-3081","1":"product","2":"type-product","3":"status-publish","4":"has-post-thumbnail","6":"product_cat-otros-productos","8":"first","9":"instock","10":"shipping-taxable","11":"product-type-simple"},"aioseo_notices":[],"_links":{"self":[{"href":"https:\/\/labelmakina.com.tr\/es\/wp-json\/wp\/v2\/product\/3081","targetHints":{"allow":["GET"]}}],"collection":[{"href":"https:\/\/labelmakina.com.tr\/es\/wp-json\/wp\/v2\/product"}],"about":[{"href":"https:\/\/labelmakina.com.tr\/es\/wp-json\/wp\/v2\/types\/product"}],"wp:featuredmedia":[{"embeddable":true,"href":"https:\/\/labelmakina.com.tr\/es\/wp-json\/wp\/v2\/media\/2713"}],"wp:attachment":[{"href":"https:\/\/labelmakina.com.tr\/es\/wp-json\/wp\/v2\/media?parent=3081"}],"wp:term":[{"taxonomy":"product_brand","embeddable":true,"href":"https:\/\/labelmakina.com.tr\/es\/wp-json\/wp\/v2\/product_brand?post=3081"},{"taxonomy":"product_cat","embeddable":true,"href":"https:\/\/labelmakina.com.tr\/es\/wp-json\/wp\/v2\/product_cat?post=3081"},{"taxonomy":"product_tag","embeddable":true,"href":"https:\/\/labelmakina.com.tr\/es\/wp-json\/wp\/v2\/product_tag?post=3081"}],"curies":[{"name":"wp","href":"https:\/\/api.w.org\/{rel}","templated":true}]}}