{"id":3083,"date":"2024-01-06T10:59:46","date_gmt":"2024-01-06T07:59:46","guid":{"rendered":"https:\/\/labelmakina.com.tr\/urun\/brazo-boom\/"},"modified":"2024-01-06T10:59:46","modified_gmt":"2024-01-06T07:59:46","slug":"brazo-boom","status":"publish","type":"product","link":"https:\/\/labelmakina.com.tr\/es\/producto\/brazo-boom\/","title":{"rendered":"Brazo Boom"},"content":{"rendered":"<p style=\"font-weight: 400;\">Las \u00e1reas de uso de la pluma de brazo largo son las siguientes:<\/p>\n<ul>\n<li style=\"font-weight: 400;\">Demolici\u00f3n Demolici\u00f3n de edificios, puentes, etc. utilizados en los estudios.<\/li>\n<li style=\"font-weight: 400;\">Infraestructuras: Excavaci\u00f3n de zanjas, construcci\u00f3n de carreteras, etc. utilizados en los estudios.<\/li>\n<li style=\"font-weight: 400;\">Miner\u00eda: Canteras, construcci\u00f3n de t\u00faneles, etc. utilizados en los estudios.<\/li>\n<\/ul>\n<p style=\"font-weight: 400;\">Las ventajas de la pluma de brazo largo son:<\/p>\n<ul>\n<li style=\"font-weight: 400;\">Aumenta el alcance: Permite a la excavadora llegar m\u00e1s lejos y m\u00e1s alto.<\/li>\n<li style=\"font-weight: 400;\">Aumenta la productividad: La excavadora puede manipular m\u00e1s material en menos tiempo.<\/li>\n<li style=\"font-weight: 400;\">Aumenta la seguridad en el trabajo: Ayuda a que la excavadora funcione de forma m\u00e1s segura.<\/li>\n<\/ul>\n<p style=\"font-weight: 400;\">La pluma de brazo largo es un implemento que puede mejorar significativamente el rendimiento y la productividad de la excavadora. Sin embargo, la decisi\u00f3n de compra debe tomarse evaluando cuidadosamente las ventajas y desventajas de la pluma de brazo largo.<\/p>\n<p style=\"font-weight: 400;\">Las plumas de brazo largo son un accesorio importante que aumenta la capacidad de la excavadora y hace que trabaje con mayor eficacia.<\/p>\n","protected":false},"excerpt":{"rendered":"<p style=\"font-weight: 400;\">La pluma de brazo largo es un implemento que aumenta el alcance de las excavadoras. M\u00e1s larga y pesada que una pluma est\u00e1ndar, la pluma de brazo largo permite a la excavadora llegar m\u00e1s lejos y m\u00e1s alto.<\/p>\n<p>En consonancia con los estudios de I+D realizados en nuestra empresa para la pluma y el brazo largos, siempre desarrollamos soluciones innovadoras para el dragado mar\u00edtimo, la excavaci\u00f3n profunda y los trabajos especiales. Ofrecemos soluciones para darle m\u00e1s eficacia en los c\u00e1lculos est\u00e1ticos haciendo que la pluma y el brazo dise\u00f1ados para su equipo de construcci\u00f3n sean de material resistente a la flexi\u00f3n.<\/p>\n","protected":false},"featured_media":2785,"template":"","meta":{"om_disable_all_campaigns":false,"_monsterinsights_skip_tracking":false,"_monsterinsights_sitenote_active":false,"_monsterinsights_sitenote_note":"","_monsterinsights_sitenote_category":0},"product_brand":[],"product_cat":[65],"product_tag":[],"class_list":{"0":"post-3083","1":"product","2":"type-product","3":"status-publish","4":"has-post-thumbnail","6":"product_cat-maquinas-de-trabajo","8":"first","9":"instock","10":"shipping-taxable","11":"product-type-simple"},"aioseo_notices":[],"_links":{"self":[{"href":"https:\/\/labelmakina.com.tr\/es\/wp-json\/wp\/v2\/product\/3083","targetHints":{"allow":["GET"]}}],"collection":[{"href":"https:\/\/labelmakina.com.tr\/es\/wp-json\/wp\/v2\/product"}],"about":[{"href":"https:\/\/labelmakina.com.tr\/es\/wp-json\/wp\/v2\/types\/product"}],"wp:featuredmedia":[{"embeddable":true,"href":"https:\/\/labelmakina.com.tr\/es\/wp-json\/wp\/v2\/media\/2785"}],"wp:attachment":[{"href":"https:\/\/labelmakina.com.tr\/es\/wp-json\/wp\/v2\/media?parent=3083"}],"wp:term":[{"taxonomy":"product_brand","embeddable":true,"href":"https:\/\/labelmakina.com.tr\/es\/wp-json\/wp\/v2\/product_brand?post=3083"},{"taxonomy":"product_cat","embeddable":true,"href":"https:\/\/labelmakina.com.tr\/es\/wp-json\/wp\/v2\/product_cat?post=3083"},{"taxonomy":"product_tag","embeddable":true,"href":"https:\/\/labelmakina.com.tr\/es\/wp-json\/wp\/v2\/product_tag?post=3083"}],"curies":[{"name":"wp","href":"https:\/\/api.w.org\/{rel}","templated":true}]}}