{"id":3085,"date":"2024-02-01T13:08:16","date_gmt":"2024-02-01T10:08:16","guid":{"rendered":"https:\/\/labelmakina.com.tr\/urun\/travers\/"},"modified":"2024-02-01T13:08:16","modified_gmt":"2024-02-01T10:08:16","slug":"travers","status":"publish","type":"product","link":"https:\/\/labelmakina.com.tr\/es\/producto\/travers\/","title":{"rendered":"Travers"},"content":{"rendered":"<p>Las traviesas elevadoras se utilizan en muchos sectores industriales. Por ejemplo, se utiliza mucho en la construcci\u00f3n, las f\u00e1bricas, los almacenes y los barcos.<\/p>\n<p>Los travesa\u00f1os de elevaci\u00f3n pueden dividirse en distintos tipos. Los tipos m\u00e1s comunes son:<\/p>\n<ul>\n<li>Travesa\u00f1os planos: El tipo m\u00e1s sencillo de travesa\u00f1os de elevaci\u00f3n. Tienen una superficie plana y suelen estar sujetas a un \u00fanico gancho de gr\u00faa.<\/li>\n<li>Traviesas en H: Una variante de las traviesas rectas con barras horizontales en ambos extremos. Estas barras permiten que el travesa\u00f1o cubra un \u00e1rea mayor y soporte m\u00e1s peso.<\/li>\n<\/ul>\n<p>Las traviesas elevadoras pueden fabricarse en distintos tama\u00f1os y formas seg\u00fan el \u00e1mbito de uso y los requisitos. Por ejemplo, las traviesas elevadoras utilizadas en la construcci\u00f3n suelen estar dise\u00f1adas para cargas m\u00e1s grandes y pesadas. Los travesa\u00f1os de elevaci\u00f3n utilizados en las f\u00e1bricas suelen estar dise\u00f1ados para cargas m\u00e1s peque\u00f1as y sensibles.<\/p>\n<p>Para un uso seguro de las traviesas elevadoras, es importante que tengan el tama\u00f1o y la capacidad de peso adecuados. Tambi\u00e9n es necesario revisar y mantener regularmente las traviesas.<\/p>\n<p>Algunas precauciones de seguridad relativas a la elevaci\u00f3n de traviesas son las siguientes:<\/p>\n<ul>\n<li>Aseg\u00farese de que las traviesas no est\u00e1n cargadas por encima de su capacidad de elevaci\u00f3n.<\/li>\n<li>Fije firmemente las traviesas a la gr\u00faa u otro equipo de elevaci\u00f3n.<\/li>\n<li>Utilice las traviesas \u00fanicamente personal debidamente formado y autorizado.<\/li>\n<li>Haga revisar y mantener regularmente las traviesas.<\/li>\n<\/ul>\n","protected":false},"excerpt":{"rendered":"<p>Las traviesas de elevaci\u00f3n son materiales utilizados para elevar y transportar cargas mediante gr\u00faas u otros equipos de elevaci\u00f3n. Suelen estar fabricados con materiales duraderos, como acero o aluminio, y los hay de distintos tama\u00f1os y formas.<\/p>\n<p>Las principales tareas de las traviesas de elevaci\u00f3n son las siguientes:<\/p>\n<ul>\n<li>Levantar y transportar cargas de forma suave y equilibrada<\/li>\n<li>Asegurarse de que las cargas est\u00e1n bien sujetas a las gr\u00faas u otros equipos de elevaci\u00f3n.<\/li>\n<li>Evitar da\u00f1os en las cargas<\/li>\n<\/ul>\n","protected":false},"featured_media":2749,"template":"","meta":{"om_disable_all_campaigns":false,"_monsterinsights_skip_tracking":false,"_monsterinsights_sitenote_active":false,"_monsterinsights_sitenote_note":"","_monsterinsights_sitenote_category":0},"product_brand":[],"product_cat":[61],"product_tag":[],"class_list":{"0":"post-3085","1":"product","2":"type-product","3":"status-publish","4":"has-post-thumbnail","6":"product_cat-aparatos-de-elevacion-de-cargas","8":"first","9":"instock","10":"shipping-taxable","11":"product-type-simple"},"aioseo_notices":[],"_links":{"self":[{"href":"https:\/\/labelmakina.com.tr\/es\/wp-json\/wp\/v2\/product\/3085","targetHints":{"allow":["GET"]}}],"collection":[{"href":"https:\/\/labelmakina.com.tr\/es\/wp-json\/wp\/v2\/product"}],"about":[{"href":"https:\/\/labelmakina.com.tr\/es\/wp-json\/wp\/v2\/types\/product"}],"wp:featuredmedia":[{"embeddable":true,"href":"https:\/\/labelmakina.com.tr\/es\/wp-json\/wp\/v2\/media\/2749"}],"wp:attachment":[{"href":"https:\/\/labelmakina.com.tr\/es\/wp-json\/wp\/v2\/media?parent=3085"}],"wp:term":[{"taxonomy":"product_brand","embeddable":true,"href":"https:\/\/labelmakina.com.tr\/es\/wp-json\/wp\/v2\/product_brand?post=3085"},{"taxonomy":"product_cat","embeddable":true,"href":"https:\/\/labelmakina.com.tr\/es\/wp-json\/wp\/v2\/product_cat?post=3085"},{"taxonomy":"product_tag","embeddable":true,"href":"https:\/\/labelmakina.com.tr\/es\/wp-json\/wp\/v2\/product_tag?post=3085"}],"curies":[{"name":"wp","href":"https:\/\/api.w.org\/{rel}","templated":true}]}}