{"id":3100,"date":"2024-01-06T10:37:06","date_gmt":"2024-01-06T07:37:06","guid":{"rendered":"https:\/\/labelmakina.com.tr\/urun\/pinzas-para-bobinas\/"},"modified":"2024-02-04T21:09:26","modified_gmt":"2024-02-04T18:09:26","slug":"pinzas-para-bobinas","status":"publish","type":"product","link":"https:\/\/labelmakina.com.tr\/es\/producto\/pinzas-para-bobinas\/","title":{"rendered":"Pinzas para bobinas"},"content":{"rendered":"<p><strong>Soluci\u00f3n de alto rendimiento para la manipulaci\u00f3n de bobinas<\/strong><\/p>\n<p>Nuestra empresa sigue ofreciendo soluciones innovadoras para las necesidades de manipulaci\u00f3n de materiales industriales. Las pinzas para bobinas son un dispositivo especial de manipulaci\u00f3n de bobinas que puede integrarse en maquinaria de construcci\u00f3n industrial y carretillas elevadoras. Este dise\u00f1o especial ofrece una soluci\u00f3n ideal para el transporte seguro y eficaz de rollos.<\/p>\n<p><strong>Especificaciones t\u00e9cnicas y dise\u00f1o:<\/strong> Las pinzas para bobinas est\u00e1n cuidadosamente dise\u00f1adas desde el punto de vista de la ingenier\u00eda utilizando materiales de acero de alta calidad. Su construcci\u00f3n resistente y duradera garantiza un uso prolongado en diversos entornos industriales. El dise\u00f1o del aparato se centra en caracter\u00edsticas flexibles y ajustables para adaptarse a diferentes di\u00e1metros de rodillo.<\/p>\n<p><strong>Uso vers\u00e1til:<\/strong> Las pinzas para bobinas se utilizan para optimizar los procesos de manipulaci\u00f3n de bobinas en diversos sectores industriales. Ofrece una amplia gama de aplicaciones en \u00e1mbitos como la automoci\u00f3n, la metalurgia, la log\u00edstica y el almacenamiento. El aparato hace que las m\u00e1quinas de construcci\u00f3n sean m\u00e1s vers\u00e1tiles, aumentando la eficacia operativa y haciendo que los procesos de manipulaci\u00f3n de bobinas sean m\u00e1s r\u00e1pidos y seguros.<\/p>\n<p><strong>Seguridad y eficacia en el trabajo:<\/strong> Las pinzas para bobinas est\u00e1n dise\u00f1adas de acuerdo con las normas de seguridad. Al tiempo que garantiza la seguridad de los operarios en las operaciones de manipulaci\u00f3n de rollos, tambi\u00e9n proporciona un uso ergon\u00f3mico para aumentar la eficacia del trabajo. La gran capacidad de sujeci\u00f3n garantiza un transporte seguro de los rollos.<\/p>\n","protected":false},"excerpt":{"rendered":"<p>Las pinzas para bobinas son un accesorio o sistema de sujeci\u00f3n especial dise\u00f1ado para maquinaria de construcci\u00f3n industrial y carretillas elevadoras. Utilizado habitualmente para el transporte seguro y eficaz de rollos, proporciona una gran durabilidad y seguridad en diversas aplicaciones industriales.<\/p>\n","protected":false},"featured_media":2789,"template":"","meta":{"om_disable_all_campaigns":false,"_monsterinsights_skip_tracking":false,"_monsterinsights_sitenote_active":false,"_monsterinsights_sitenote_note":"","_monsterinsights_sitenote_category":0},"product_brand":[],"product_cat":[67],"product_tag":[],"class_list":{"0":"post-3100","1":"product","2":"type-product","3":"status-publish","4":"has-post-thumbnail","6":"product_cat-accesorios-para-carretillas-elevadoras","8":"first","9":"instock","10":"shipping-taxable","11":"product-type-simple"},"aioseo_notices":[],"_links":{"self":[{"href":"https:\/\/labelmakina.com.tr\/es\/wp-json\/wp\/v2\/product\/3100","targetHints":{"allow":["GET"]}}],"collection":[{"href":"https:\/\/labelmakina.com.tr\/es\/wp-json\/wp\/v2\/product"}],"about":[{"href":"https:\/\/labelmakina.com.tr\/es\/wp-json\/wp\/v2\/types\/product"}],"wp:featuredmedia":[{"embeddable":true,"href":"https:\/\/labelmakina.com.tr\/es\/wp-json\/wp\/v2\/media\/2789"}],"wp:attachment":[{"href":"https:\/\/labelmakina.com.tr\/es\/wp-json\/wp\/v2\/media?parent=3100"}],"wp:term":[{"taxonomy":"product_brand","embeddable":true,"href":"https:\/\/labelmakina.com.tr\/es\/wp-json\/wp\/v2\/product_brand?post=3100"},{"taxonomy":"product_cat","embeddable":true,"href":"https:\/\/labelmakina.com.tr\/es\/wp-json\/wp\/v2\/product_cat?post=3100"},{"taxonomy":"product_tag","embeddable":true,"href":"https:\/\/labelmakina.com.tr\/es\/wp-json\/wp\/v2\/product_tag?post=3100"}],"curies":[{"name":"wp","href":"https:\/\/api.w.org\/{rel}","templated":true}]}}