{"id":3103,"date":"2024-01-06T10:36:22","date_gmt":"2024-01-06T07:36:22","guid":{"rendered":"https:\/\/labelmakina.com.tr\/urun\/adjuntar-perfil\/"},"modified":"2024-01-06T10:36:22","modified_gmt":"2024-01-06T07:36:22","slug":"adjuntar-perfil","status":"publish","type":"product","link":"https:\/\/labelmakina.com.tr\/es\/producto\/adjuntar-perfil\/","title":{"rendered":"Adjuntar perfil"},"content":{"rendered":"<p><strong>Soluci\u00f3n de alto rendimiento para su maquinaria de construcci\u00f3n<\/strong><\/p>\n<p>Desde 2005, nuestra empresa ofrece soluciones especiales a las principales empresas y organizaciones portuarias de Turqu\u00eda que operan en el sector de la maquinaria de construcci\u00f3n. Una de estas soluciones es el Aparato de Perfil, que hace que su equipo de construcci\u00f3n sea m\u00e1s eficiente y vers\u00e1til.<\/p>\n<p><strong>Especificaciones t\u00e9cnicas:<\/strong> Nuestros aparatos de perfil est\u00e1n cuidadosamente dise\u00f1ados y fabricados con materiales de alta calidad. Su resistente estructura de acero est\u00e1 dise\u00f1ada para garantizar un uso duradero y un rendimiento fiable. Los aparatos de perfil fabricados en varios tama\u00f1os y capacidades pueden trabajar en armon\u00eda con diferentes m\u00e1quinas de construcci\u00f3n.<\/p>\n<p><strong>Uso vers\u00e1til:<\/strong> Los implementos de perfil hacen que su equipo de construcci\u00f3n sea adecuado para una gran variedad de necesidades de manipulaci\u00f3n de materiales. Gracias a su gran capacidad de carga y durabilidad, podr\u00e1 levantar y transportar cargas pesadas con total seguridad. Esto ofrece una amplia gama de aplicaciones en diversos sectores de la construcci\u00f3n, el almacenamiento, los puertos y la log\u00edstica.<\/p>\n<p><strong>Tecnolog\u00eda avanzada y normas de seguridad:<\/strong> Nuestros aparatos de perfil est\u00e1n dise\u00f1ados y fabricados de acuerdo con los est\u00e1ndares tecnol\u00f3gicos actuales. Con un alto nivel de seguridad, estos aparatos est\u00e1n dise\u00f1ados para aumentar la eficacia del trabajo al tiempo que maximizan la seguridad de los operarios.<\/p>\n<p>Nuestras herramientas de perfilado son la soluci\u00f3n ideal para mejorar el rendimiento de su maquinaria de construcci\u00f3n y aumentar la eficacia de sus operaciones. No dude en ponerse en contacto con nosotros para obtener informaci\u00f3n detallada y realizar pedidos.<\/p>\n","protected":false},"excerpt":{"rendered":"<p>Un accesorio de perfilado es un accesorio o cierre especial, normalmente dise\u00f1ado para equipos de elevaci\u00f3n pesados, como m\u00e1quinas de construcci\u00f3n, carretillas elevadoras y equipos de elevaci\u00f3n pesados similares. Se utilizan para optimizar los procesos de manipulaci\u00f3n de cargas y materiales y para aumentar la versatilidad de diversas m\u00e1quinas de construcci\u00f3n. Las herramientas de perfilado se utilizan a menudo para elevar, transportar o colocar diversos materiales con el fin de aumentar la eficacia del trabajo. Los aparatos de perfil fabricados en diferentes tama\u00f1os y tipos se utilizan ampliamente en sectores industriales y ofrecen soluciones a diversas necesidades de manipulaci\u00f3n de materiales.<\/p>\n","protected":false},"featured_media":2829,"template":"","meta":{"om_disable_all_campaigns":false,"_monsterinsights_skip_tracking":false,"_monsterinsights_sitenote_active":false,"_monsterinsights_sitenote_note":"","_monsterinsights_sitenote_category":0},"product_brand":[],"product_cat":[67],"product_tag":[],"class_list":{"0":"post-3103","1":"product","2":"type-product","3":"status-publish","4":"has-post-thumbnail","6":"product_cat-accesorios-para-carretillas-elevadoras","8":"first","9":"instock","10":"shipping-taxable","11":"product-type-variable"},"aioseo_notices":[],"_links":{"self":[{"href":"https:\/\/labelmakina.com.tr\/es\/wp-json\/wp\/v2\/product\/3103","targetHints":{"allow":["GET"]}}],"collection":[{"href":"https:\/\/labelmakina.com.tr\/es\/wp-json\/wp\/v2\/product"}],"about":[{"href":"https:\/\/labelmakina.com.tr\/es\/wp-json\/wp\/v2\/types\/product"}],"wp:featuredmedia":[{"embeddable":true,"href":"https:\/\/labelmakina.com.tr\/es\/wp-json\/wp\/v2\/media\/2829"}],"wp:attachment":[{"href":"https:\/\/labelmakina.com.tr\/es\/wp-json\/wp\/v2\/media?parent=3103"}],"wp:term":[{"taxonomy":"product_brand","embeddable":true,"href":"https:\/\/labelmakina.com.tr\/es\/wp-json\/wp\/v2\/product_brand?post=3103"},{"taxonomy":"product_cat","embeddable":true,"href":"https:\/\/labelmakina.com.tr\/es\/wp-json\/wp\/v2\/product_cat?post=3103"},{"taxonomy":"product_tag","embeddable":true,"href":"https:\/\/labelmakina.com.tr\/es\/wp-json\/wp\/v2\/product_tag?post=3103"}],"curies":[{"name":"wp","href":"https:\/\/api.w.org\/{rel}","templated":true}]}}