{"id":3106,"date":"2024-01-05T16:32:13","date_gmt":"2024-01-05T13:32:13","guid":{"rendered":"https:\/\/labelmakina.com.tr\/urun\/espolon-de-bobina\/"},"modified":"2024-01-05T16:32:13","modified_gmt":"2024-01-05T13:32:13","slug":"espolon-de-bobina","status":"publish","type":"product","link":"https:\/\/labelmakina.com.tr\/es\/producto\/espolon-de-bobina\/","title":{"rendered":"Espol\u00f3n de bobina"},"content":{"rendered":"<p>Este accesorio puede acoplarse f\u00e1cilmente a la secci\u00f3n de horquillas de la carretilla elevadora y, gracias a su dise\u00f1o especial, ofrece una soluci\u00f3n eficaz para elevar y transportar bobinas de forma segura. El ariete de bobina suele tener las siguientes caracter\u00edsticas:<\/p>\n<ol>\n<li><strong>Fijaci\u00f3n segura<\/strong>: puntos de fijaci\u00f3n o mecanismos de sujeci\u00f3n especialmente dise\u00f1ados para fijar las bobinas de forma segura.<\/li>\n<li><strong>Gran capacidad de carga<\/strong>: Gracias a su estructura fuerte y duradera, son capaces de transportar bobinas grandes y pesadas sin problemas.<\/li>\n<li><strong>Instalaci\u00f3n r\u00e1pida y sencilla<\/strong>: Un dise\u00f1o pr\u00e1ctico que ahorra tiempo a los operarios con un sistema de montaje que se puede acoplar y desacoplar f\u00e1cilmente de las carretillas elevadoras.<\/li>\n<li><strong>Varios tama\u00f1os<\/strong> y capacidades: Una variedad de modelos ofrecidos en varios tama\u00f1os y capacidades de carga para adaptarse a las diferentes necesidades de la industria.<\/li>\n<\/ol>\n<p>Gracias a estas caracter\u00edsticas, el Coil Ram ofrece una soluci\u00f3n ideal para las empresas industriales que desean realizar operaciones de manipulaci\u00f3n de materiales de forma m\u00e1s segura, eficaz y r\u00e1pida.<\/p>\n","protected":false},"excerpt":{"rendered":"<p>Coil Ram es un equipo especial que puede integrarse en carretillas elevadoras industriales. Este equipo adicional est\u00e1 dise\u00f1ado espec\u00edficamente para su uso en industrias en las que se transportan materiales met\u00e1licos, textiles o rollos. Especialmente dise\u00f1ados para elevar, transportar y posicionar bobinas de forma segura, estos implementos optimizan las operaciones industriales de manipulaci\u00f3n de materiales con mecanismos de fijaci\u00f3n seguros, gran capacidad de carga \u00fatil, montaje r\u00e1pido y una gran variedad de modelos.<\/p>\n<p>El Coil Ram es un equipo especializado que puede integrarse en carretillas elevadoras industriales. Este equipo adicional est\u00e1 dise\u00f1ado espec\u00edficamente para optimizar las operaciones de manipulaci\u00f3n de materiales, como la elevaci\u00f3n, el transporte y la colocaci\u00f3n de bobinas o carretes. Se utiliza habitualmente en industrias en las que se transportan metales, textiles o materiales en rollos.<\/p>\n","protected":false},"featured_media":2805,"template":"","meta":{"om_disable_all_campaigns":false,"_monsterinsights_skip_tracking":false,"_monsterinsights_sitenote_active":false,"_monsterinsights_sitenote_note":"","_monsterinsights_sitenote_category":0},"product_brand":[],"product_cat":[67],"product_tag":[],"class_list":{"0":"post-3106","1":"product","2":"type-product","3":"status-publish","4":"has-post-thumbnail","6":"product_cat-accesorios-para-carretillas-elevadoras","8":"first","9":"instock","10":"shipping-taxable","11":"product-type-variable"},"aioseo_notices":[],"_links":{"self":[{"href":"https:\/\/labelmakina.com.tr\/es\/wp-json\/wp\/v2\/product\/3106","targetHints":{"allow":["GET"]}}],"collection":[{"href":"https:\/\/labelmakina.com.tr\/es\/wp-json\/wp\/v2\/product"}],"about":[{"href":"https:\/\/labelmakina.com.tr\/es\/wp-json\/wp\/v2\/types\/product"}],"wp:featuredmedia":[{"embeddable":true,"href":"https:\/\/labelmakina.com.tr\/es\/wp-json\/wp\/v2\/media\/2805"}],"wp:attachment":[{"href":"https:\/\/labelmakina.com.tr\/es\/wp-json\/wp\/v2\/media?parent=3106"}],"wp:term":[{"taxonomy":"product_brand","embeddable":true,"href":"https:\/\/labelmakina.com.tr\/es\/wp-json\/wp\/v2\/product_brand?post=3106"},{"taxonomy":"product_cat","embeddable":true,"href":"https:\/\/labelmakina.com.tr\/es\/wp-json\/wp\/v2\/product_cat?post=3106"},{"taxonomy":"product_tag","embeddable":true,"href":"https:\/\/labelmakina.com.tr\/es\/wp-json\/wp\/v2\/product_tag?post=3106"}],"curies":[{"name":"wp","href":"https:\/\/api.w.org\/{rel}","templated":true}]}}