{"id":3636,"date":"2024-02-01T13:13:26","date_gmt":"2024-02-01T10:13:26","guid":{"rendered":"https:\/\/labelmakina.com.tr\/urun\/filmasin-kaldirma-aparati\/"},"modified":"2024-09-03T11:54:52","modified_gmt":"2024-09-03T08:54:52","slug":"appareil-de-levage-pour-fil-machine","status":"publish","type":"product","link":"https:\/\/labelmakina.com.tr\/fr\/produit\/appareil-de-levage-pour-fil-machine\/","title":{"rendered":"Appareil de Levage pour Fil Machine"},"content":{"rendered":"","protected":false},"excerpt":{"rendered":"<p>L&rsquo;appareil est utilis\u00e9 en \u00e9tant attach\u00e9 \u00e0 une grue ou \u00e0 un autre dispositif de levage.<\/p>\n<p>Les appareils de levage pour fil machine sont disponibles en diff\u00e9rentes tailles et capacit\u00e9s. Le choix de l&rsquo;appareil d\u00e9pend de la taille et du poids des fils \u00e0 lever.<\/p>\n<p>Les appareils de levage pour fil machine sont n\u00e9cessaires pour lever les fils en toute s\u00e9curit\u00e9 et efficacit\u00e9. L&rsquo;appareil permet de transporter les fils de mani\u00e8re s\u00fbre, sans endommager leur surface et en prot\u00e9geant les travailleurs des dangers.<\/p>\n","protected":false},"featured_media":3637,"template":"","meta":{"om_disable_all_campaigns":false,"_monsterinsights_skip_tracking":false,"_monsterinsights_sitenote_active":false,"_monsterinsights_sitenote_note":"","_monsterinsights_sitenote_category":0},"product_brand":[],"product_cat":[91],"product_tag":[],"class_list":{"0":"post-3636","1":"product","2":"type-product","3":"status-publish","4":"has-post-thumbnail","6":"product_cat-appareil-de-levage-de-charge","8":"first","9":"instock","10":"shipping-taxable","11":"product-type-simple"},"aioseo_notices":[],"_links":{"self":[{"href":"https:\/\/labelmakina.com.tr\/fr\/wp-json\/wp\/v2\/product\/3636","targetHints":{"allow":["GET"]}}],"collection":[{"href":"https:\/\/labelmakina.com.tr\/fr\/wp-json\/wp\/v2\/product"}],"about":[{"href":"https:\/\/labelmakina.com.tr\/fr\/wp-json\/wp\/v2\/types\/product"}],"wp:featuredmedia":[{"embeddable":true,"href":"https:\/\/labelmakina.com.tr\/fr\/wp-json\/wp\/v2\/media\/3637"}],"wp:attachment":[{"href":"https:\/\/labelmakina.com.tr\/fr\/wp-json\/wp\/v2\/media?parent=3636"}],"wp:term":[{"taxonomy":"product_brand","embeddable":true,"href":"https:\/\/labelmakina.com.tr\/fr\/wp-json\/wp\/v2\/product_brand?post=3636"},{"taxonomy":"product_cat","embeddable":true,"href":"https:\/\/labelmakina.com.tr\/fr\/wp-json\/wp\/v2\/product_cat?post=3636"},{"taxonomy":"product_tag","embeddable":true,"href":"https:\/\/labelmakina.com.tr\/fr\/wp-json\/wp\/v2\/product_tag?post=3636"}],"curies":[{"name":"wp","href":"https:\/\/api.w.org\/{rel}","templated":true}]}}