{"id":3644,"date":"2024-02-01T13:10:10","date_gmt":"2024-02-01T10:10:10","guid":{"rendered":"https:\/\/labelmakina.com.tr\/urun\/palet-kaldirma-aparati\/"},"modified":"2024-09-03T12:26:27","modified_gmt":"2024-09-03T09:26:27","slug":"elevateur-de-palettes","status":"publish","type":"product","link":"https:\/\/labelmakina.com.tr\/fr\/produit\/elevateur-de-palettes\/","title":{"rendered":"\u00c9l\u00e9vateur de palettes"},"content":{"rendered":"<p>Les \u00e9l\u00e9vateurs de palettes sont utilis\u00e9s dans de nombreux secteurs industriels, comme les entrep\u00f4ts, les usines, la construction et le transport.<\/p>\n<p>Les \u00e9l\u00e9vateurs de palettes peuvent \u00eatre divis\u00e9s en diff\u00e9rents types.<\/p>\n<p>Pour une utilisation s\u00e9curis\u00e9e des \u00e9l\u00e9vateurs de palettes, il est important qu&rsquo;ils soient de la taille et de la capacit\u00e9 de charge appropri\u00e9es. En outre, les appareils doivent \u00eatre r\u00e9guli\u00e8rement inspect\u00e9s et entretenus.<\/p>\n<p>Quelques pr\u00e9cautions de s\u00e9curit\u00e9 pour l&rsquo;utilisation des \u00e9l\u00e9vateurs de palettes :<\/p>\n<ul>\n<li>Veillez \u00e0 ne pas surcharger les appareils au-del\u00e0 de leur capacit\u00e9 de levage.<\/li>\n<li>Fixez solidement les appareils aux grues ou \u00e0 d&rsquo;autres \u00e9quipements de levage.<\/li>\n<li>Assurez-vous que les appareils ne sont utilis\u00e9s que par un personnel form\u00e9 et autoris\u00e9.<\/li>\n<li>Faites inspecter et entretenir r\u00e9guli\u00e8rement les appareils.<\/li>\n<\/ul>\n<p><strong>Avantages des \u00e9l\u00e9vateurs de palettes<\/strong><\/p>\n<ul>\n<li>Ils permettent de soulever et de transporter en toute s\u00e9curit\u00e9 et efficacement les palettes et leurs charges.<\/li>\n<li>Ils \u00e9conomisent de la main-d&rsquo;\u0153uvre et du temps.<\/li>\n<li>Ils r\u00e9duisent le risque d&rsquo;accidents.<\/li>\n<\/ul>\n","protected":false},"excerpt":{"rendered":"<p>Un \u00e9l\u00e9vateur de palettes est un dispositif utilis\u00e9 pour soulever et transporter des palettes et leurs charges. Ils sont g\u00e9n\u00e9ralement fabriqu\u00e9s \u00e0 partir de mat\u00e9riaux durables tels que l&rsquo;acier ou l&rsquo;aluminium et peuvent \u00eatre disponibles dans diff\u00e9rentes tailles et formes.<\/p>\n<p>Les t\u00e2ches principales des \u00e9l\u00e9vateurs de palettes sont les suivantes :<\/p>\n<ul>\n<li>Soulever et transporter de mani\u00e8re s\u00e9curis\u00e9e et \u00e9quilibr\u00e9e les palettes et leurs charges.<\/li>\n<li>Assurer la fixation s\u00e9curis\u00e9e des palettes et de leurs charges aux grues ou \u00e0 d&rsquo;autres \u00e9quipements de levage.<\/li>\n<li>Pr\u00e9venir les dommages aux palettes et \u00e0 leurs charges.<\/li>\n<\/ul>\n","protected":false},"featured_media":3645,"template":"","meta":{"om_disable_all_campaigns":false,"_monsterinsights_skip_tracking":false,"_monsterinsights_sitenote_active":false,"_monsterinsights_sitenote_note":"","_monsterinsights_sitenote_category":0},"product_brand":[],"product_cat":[91],"product_tag":[],"class_list":{"0":"post-3644","1":"product","2":"type-product","3":"status-publish","4":"has-post-thumbnail","6":"product_cat-appareil-de-levage-de-charge","8":"first","9":"instock","10":"shipping-taxable","11":"product-type-simple"},"aioseo_notices":[],"_links":{"self":[{"href":"https:\/\/labelmakina.com.tr\/fr\/wp-json\/wp\/v2\/product\/3644","targetHints":{"allow":["GET"]}}],"collection":[{"href":"https:\/\/labelmakina.com.tr\/fr\/wp-json\/wp\/v2\/product"}],"about":[{"href":"https:\/\/labelmakina.com.tr\/fr\/wp-json\/wp\/v2\/types\/product"}],"wp:featuredmedia":[{"embeddable":true,"href":"https:\/\/labelmakina.com.tr\/fr\/wp-json\/wp\/v2\/media\/3645"}],"wp:attachment":[{"href":"https:\/\/labelmakina.com.tr\/fr\/wp-json\/wp\/v2\/media?parent=3644"}],"wp:term":[{"taxonomy":"product_brand","embeddable":true,"href":"https:\/\/labelmakina.com.tr\/fr\/wp-json\/wp\/v2\/product_brand?post=3644"},{"taxonomy":"product_cat","embeddable":true,"href":"https:\/\/labelmakina.com.tr\/fr\/wp-json\/wp\/v2\/product_cat?post=3644"},{"taxonomy":"product_tag","embeddable":true,"href":"https:\/\/labelmakina.com.tr\/fr\/wp-json\/wp\/v2\/product_tag?post=3644"}],"curies":[{"name":"wp","href":"https:\/\/api.w.org\/{rel}","templated":true}]}}