{"id":3654,"date":"2024-01-06T12:41:46","date_gmt":"2024-01-06T09:41:46","guid":{"rendered":"https:\/\/labelmakina.com.tr\/urun\/insan-tasima-sepeti\/"},"modified":"2024-09-03T12:42:41","modified_gmt":"2024-09-03T09:42:41","slug":"panier-de-transport-de-personnes","status":"publish","type":"product","link":"https:\/\/labelmakina.com.tr\/fr\/produit\/panier-de-transport-de-personnes\/","title":{"rendered":"Panier de Transport de Personnes"},"content":{"rendered":"<p>Ils sont fr\u00e9quemment utilis\u00e9s dans les projets de construction, sur les chantiers, dans les environnements \u00e9quip\u00e9s de grues \u00e0 tour, ainsi que dans les centrales thermiques, les ports, les b\u00e2timents \u00e0 plusieurs \u00e9tages, les gratte-ciel, les travaux de nettoyage des fa\u00e7ades ext\u00e9rieures et les services de maintenance. Le panier de transport de personnes offre une surface antid\u00e9rapante et des hauteurs de garde-corps standardis\u00e9es, garantissant ainsi un travail en toute s\u00e9curit\u00e9.<\/p>\n<p>Con\u00e7u comme une nacelle de travail, le panier de transport de personnes peut \u00eatre fabriqu\u00e9 sur mesure en fonction de son domaine d&rsquo;utilisation, avec des dimensions et des formes vari\u00e9es. Tous les mat\u00e9riaux utilis\u00e9s dans notre fabrication sont de premi\u00e8re qualit\u00e9.<\/p>\n<p>Les paniers de transport de personnes peuvent \u00eatre fabriqu\u00e9s en diff\u00e9rentes tailles, avec des capacit\u00e9s allant de 1 \u00e0 4 personnes. Ces paniers garantissent la s\u00e9curit\u00e9 de vos employ\u00e9s lors de leur transport et de leur travail. Les tests de charge sont effectu\u00e9s avec une charge de test trois fois sup\u00e9rieure.<\/p>\n<p>Dans les paniers de transport de personnes certifi\u00e9s CE et test\u00e9s en charge, une protection de toit peut \u00eatre install\u00e9e sur demande, notamment pour les descentes dans les puits de ventilation. Cela rend le panier \u00e9galement prot\u00e9g\u00e9 contre les chutes d&rsquo;objets provenant d&rsquo;en haut.<\/p>\n","protected":false},"excerpt":{"rendered":"<p>Les paniers de transport de personnes, \u00e9galement appel\u00e9s nacelles, facilitent l&rsquo;acc\u00e8s aux zones de travail difficiles d&rsquo;acc\u00e8s sur les chantiers et permettent aux travailleurs de r\u00e9aliser leurs t\u00e2ches en toute s\u00e9curit\u00e9 depuis le panier.<\/p>\n","protected":false},"featured_media":3655,"template":"","meta":{"om_disable_all_campaigns":false,"_monsterinsights_skip_tracking":false,"_monsterinsights_sitenote_active":false,"_monsterinsights_sitenote_note":"","_monsterinsights_sitenote_category":0},"product_brand":[],"product_cat":[87],"product_tag":[],"class_list":{"0":"post-3654","1":"product","2":"type-product","3":"status-publish","4":"has-post-thumbnail","6":"product_cat-autres-produits","8":"first","9":"instock","10":"shipping-taxable","11":"product-type-simple"},"aioseo_notices":[],"_links":{"self":[{"href":"https:\/\/labelmakina.com.tr\/fr\/wp-json\/wp\/v2\/product\/3654","targetHints":{"allow":["GET"]}}],"collection":[{"href":"https:\/\/labelmakina.com.tr\/fr\/wp-json\/wp\/v2\/product"}],"about":[{"href":"https:\/\/labelmakina.com.tr\/fr\/wp-json\/wp\/v2\/types\/product"}],"wp:featuredmedia":[{"embeddable":true,"href":"https:\/\/labelmakina.com.tr\/fr\/wp-json\/wp\/v2\/media\/3655"}],"wp:attachment":[{"href":"https:\/\/labelmakina.com.tr\/fr\/wp-json\/wp\/v2\/media?parent=3654"}],"wp:term":[{"taxonomy":"product_brand","embeddable":true,"href":"https:\/\/labelmakina.com.tr\/fr\/wp-json\/wp\/v2\/product_brand?post=3654"},{"taxonomy":"product_cat","embeddable":true,"href":"https:\/\/labelmakina.com.tr\/fr\/wp-json\/wp\/v2\/product_cat?post=3654"},{"taxonomy":"product_tag","embeddable":true,"href":"https:\/\/labelmakina.com.tr\/fr\/wp-json\/wp\/v2\/product_tag?post=3654"}],"curies":[{"name":"wp","href":"https:\/\/api.w.org\/{rel}","templated":true}]}}