{"id":3678,"date":"2024-01-06T11:05:02","date_gmt":"2024-01-06T08:05:02","guid":{"rendered":"https:\/\/labelmakina.com.tr\/urun\/riper\/"},"modified":"2024-09-03T16:38:35","modified_gmt":"2024-09-03T13:38:35","slug":"dechiqueteur","status":"publish","type":"product","link":"https:\/\/labelmakina.com.tr\/fr\/produit\/dechiqueteur\/","title":{"rendered":"D\u00e9chiqueteur"},"content":{"rendered":"<p>Les extr\u00e9mit\u00e9s du ripper sont \u00e9quip\u00e9es de dents con\u00e7ues pour creuser et briser des sols durs. Le ripper est actionn\u00e9 par le syst\u00e8me hydraulique de l&rsquo;excavatrice. Les domaines d&rsquo;utilisation du ripper sont les suivants :   <\/p>\n<ul type=\"disc\">\n<li>Mines : Utilis\u00e9 dans les mines, la construction de tunnels, etc. <\/li>\n<li>Construction de routes : Utilis\u00e9 dans la construction de routes, les travaux d&rsquo;infrastructure, etc. <\/li>\n<li>Agriculture : Utilis\u00e9 dans le travail du sol, etc. <\/li>\n<\/ul>\n<p> Les avantages du ripper sont les suivants : <\/p>\n<ul type=\"disc\">\n<li>Il est efficace pour creuser et briser des sols durs.<\/li>\n<li>Il n\u00e9cessite moins d&rsquo;entretien qu&rsquo;un marteau hydraulique.<\/li>\n<li>Il produit moins de bruit et de vibrations.<\/li>\n<\/ul>\n<p> Le ripper est un accessoire qui peut augmenter consid\u00e9rablement la performance et la productivit\u00e9 de l&rsquo;excavatrice. Voici quelques caract\u00e9ristiques techniques du ripper : <\/p>\n<ul type=\"disc\">\n<li>Longueur des dents : Peut varier entre 0,5 m\u00e8tre et 1 m\u00e8tre.<\/li>\n<li>Largeur des dents : Peut varier entre 0,2 m\u00e8tre et 0,5 m\u00e8tre.<\/li>\n<li>Mat\u00e9riau : Les dents peuvent \u00eatre fabriqu\u00e9es en acier, carbure de tungst\u00e8ne, etc. <\/li>\n<\/ul>\n<p> Le ripper est un accessoire important qui augmente la capacit\u00e9 des excavatrices et les rend plus efficaces.<\/p>\n","protected":false},"excerpt":{"rendered":"<p>Le ripper est un accessoire utilis\u00e9 par les excavatrices pour creuser et briser des sols durs. Il est \u00e9galement connu sous le nom de scarificateur ou d&rsquo;outil de d\u00e9fon\u00e7age. <\/p>\n","protected":false},"featured_media":3686,"template":"","meta":{"om_disable_all_campaigns":false,"_monsterinsights_skip_tracking":false,"_monsterinsights_sitenote_active":false,"_monsterinsights_sitenote_note":"","_monsterinsights_sitenote_category":0},"product_brand":[],"product_cat":[93],"product_tag":[],"class_list":{"0":"post-3678","1":"product","2":"type-product","3":"status-publish","4":"has-post-thumbnail","6":"product_cat-machines-de-construction","8":"first","9":"instock","10":"shipping-taxable","11":"product-type-variable"},"aioseo_notices":[],"_links":{"self":[{"href":"https:\/\/labelmakina.com.tr\/fr\/wp-json\/wp\/v2\/product\/3678","targetHints":{"allow":["GET"]}}],"collection":[{"href":"https:\/\/labelmakina.com.tr\/fr\/wp-json\/wp\/v2\/product"}],"about":[{"href":"https:\/\/labelmakina.com.tr\/fr\/wp-json\/wp\/v2\/types\/product"}],"wp:featuredmedia":[{"embeddable":true,"href":"https:\/\/labelmakina.com.tr\/fr\/wp-json\/wp\/v2\/media\/3686"}],"wp:attachment":[{"href":"https:\/\/labelmakina.com.tr\/fr\/wp-json\/wp\/v2\/media?parent=3678"}],"wp:term":[{"taxonomy":"product_brand","embeddable":true,"href":"https:\/\/labelmakina.com.tr\/fr\/wp-json\/wp\/v2\/product_brand?post=3678"},{"taxonomy":"product_cat","embeddable":true,"href":"https:\/\/labelmakina.com.tr\/fr\/wp-json\/wp\/v2\/product_cat?post=3678"},{"taxonomy":"product_tag","embeddable":true,"href":"https:\/\/labelmakina.com.tr\/fr\/wp-json\/wp\/v2\/product_tag?post=3678"}],"curies":[{"name":"wp","href":"https:\/\/api.w.org\/{rel}","templated":true}]}}