{"id":3701,"date":"2024-01-06T11:04:24","date_gmt":"2024-01-06T08:04:24","guid":{"rendered":"https:\/\/labelmakina.com.tr\/urun\/loader-kova\/"},"modified":"2024-09-03T12:49:29","modified_gmt":"2024-09-03T09:49:29","slug":"seau-multi-usage","status":"publish","type":"product","link":"https:\/\/labelmakina.com.tr\/fr\/produit\/seau-multi-usage\/","title":{"rendered":"Seau Multi-Usage"},"content":{"rendered":"<p>Les seaux de chargeur sont fabriqu\u00e9s en diff\u00e9rentes formes et tailles pour traiter divers mat\u00e9riaux. En g\u00e9n\u00e9ral, les seaux de chargeur peuvent \u00eatre classifi\u00e9s comme suit :<\/p>\n<ul>\n<li><strong>Seaux de d\u00e9blaiement<\/strong> : Le type de seau de chargeur le plus couramment utilis\u00e9. Ils sont utilis\u00e9s pour creuser de la terre, du sable, des d\u00e9bris, etc.<\/li>\n<li><strong>Seaux de transport<\/strong> : Utilis\u00e9s pour charger et transporter de la terre, du sable, des d\u00e9bris, etc.<\/li>\n<li><strong>Seaux sp\u00e9ciaux<\/strong> : Seaux pour des applications sp\u00e9cifiques, tels que les seaux de taille d&rsquo;arbres, les seaux \u00e0 b\u00e9ton, etc.<\/li>\n<\/ul>\n<p><strong>Caract\u00e9ristiques de base des seaux de chargeur :<\/strong><\/p>\n<ul>\n<li><strong>Largeur<\/strong> : La largeur du seau d\u00e9termine la quantit\u00e9 de mat\u00e9riau que le seau peut transporter.<\/li>\n<li><strong>Hauteur<\/strong> : La hauteur du seau d\u00e9termine la hauteur du mat\u00e9riau que le seau peut transporter.<\/li>\n<li><strong>Profondeur<\/strong> : La profondeur du seau d\u00e9termine la profondeur du mat\u00e9riau que le seau peut creuser.<\/li>\n<li><strong>Ouverture<\/strong> : L&rsquo;ouverture du seau d\u00e9termine la taille du mat\u00e9riau que le seau peut creuser.<\/li>\n<li><strong>Mat\u00e9riau<\/strong> : Les seaux peuvent \u00eatre fabriqu\u00e9s en acier, en aluminium, etc.<\/li>\n<\/ul>\n<p>Les seaux de chargeur ont un impact significatif sur la performance du chargeur. Le choix du bon seau peut am\u00e9liorer l&rsquo;efficacit\u00e9 et la s\u00e9curit\u00e9 du travail.<\/p>\n<p><strong>Caract\u00e9ristiques techniques des seaux de chargeur :<\/strong><\/p>\n<ul>\n<li><strong>Largeur<\/strong> : Peut varier de 1 m\u00e8tre \u00e0 5 m\u00e8tres.<\/li>\n<li><strong>Hauteur<\/strong> : Peut varier de 1 m\u00e8tre \u00e0 3 m\u00e8tres.<\/li>\n<li><strong>Profondeur<\/strong> : Peut varier de 0,5 m\u00e8tre \u00e0 2 m\u00e8tres.<\/li>\n<li><strong>Ouverture<\/strong> : Peut varier de 1 m\u00e8tre \u00e0 2 m\u00e8tres.<\/li>\n<li><strong>Mat\u00e9riau<\/strong> : Acier, aluminium, etc.<\/li>\n<\/ul>\n<p>Les seaux de chargeur sont utilis\u00e9s dans de nombreux domaines tels que la construction, l&rsquo;exploitation mini\u00e8re, l&rsquo;agriculture, etc.<\/p>\n","protected":false},"excerpt":{"rendered":"<p>Le seau multi-usage est con\u00e7u pour une utilisation dans des conditions l\u00e9g\u00e8res \u00e0 moyennes. La densit\u00e9 de mat\u00e9riau maximale recommand\u00e9e est de 1,8 t\/m\u00b3. Il est adapt\u00e9 aux mat\u00e9riaux tels que l&rsquo;argile humide, le sable et le gravier. Sur demande, le seau peut \u00e9galement \u00eatre fabriqu\u00e9 avec un type \u00e0 boulons et un couteau de raclage.<\/p>\n<p>Le seau de chargeur est l&rsquo;outil principal des chargeurs. Il est utilis\u00e9 pour charger, d\u00e9charger et transporter de la terre, du sable, des d\u00e9bris, etc. Les seaux de chargeur travaillent en conjonction avec le bras et le godet du chargeur.<\/p>\n","protected":false},"featured_media":3702,"template":"","meta":{"om_disable_all_campaigns":false,"_monsterinsights_skip_tracking":false,"_monsterinsights_sitenote_active":false,"_monsterinsights_sitenote_note":"","_monsterinsights_sitenote_category":0},"product_brand":[],"product_cat":[93],"product_tag":[],"class_list":{"0":"post-3701","1":"product","2":"type-product","3":"status-publish","4":"has-post-thumbnail","6":"product_cat-machines-de-construction","8":"first","9":"instock","10":"shipping-taxable","11":"product-type-simple"},"aioseo_notices":[],"_links":{"self":[{"href":"https:\/\/labelmakina.com.tr\/fr\/wp-json\/wp\/v2\/product\/3701","targetHints":{"allow":["GET"]}}],"collection":[{"href":"https:\/\/labelmakina.com.tr\/fr\/wp-json\/wp\/v2\/product"}],"about":[{"href":"https:\/\/labelmakina.com.tr\/fr\/wp-json\/wp\/v2\/types\/product"}],"wp:featuredmedia":[{"embeddable":true,"href":"https:\/\/labelmakina.com.tr\/fr\/wp-json\/wp\/v2\/media\/3702"}],"wp:attachment":[{"href":"https:\/\/labelmakina.com.tr\/fr\/wp-json\/wp\/v2\/media?parent=3701"}],"wp:term":[{"taxonomy":"product_brand","embeddable":true,"href":"https:\/\/labelmakina.com.tr\/fr\/wp-json\/wp\/v2\/product_brand?post=3701"},{"taxonomy":"product_cat","embeddable":true,"href":"https:\/\/labelmakina.com.tr\/fr\/wp-json\/wp\/v2\/product_cat?post=3701"},{"taxonomy":"product_tag","embeddable":true,"href":"https:\/\/labelmakina.com.tr\/fr\/wp-json\/wp\/v2\/product_tag?post=3701"}],"curies":[{"name":"wp","href":"https:\/\/api.w.org\/{rel}","templated":true}]}}