{"id":3748,"date":"2024-01-06T10:58:21","date_gmt":"2024-01-06T07:58:21","guid":{"rendered":"https:\/\/labelmakina.com.tr\/urun\/bom-riper-arm-imalati\/"},"modified":"2024-09-03T14:05:37","modified_gmt":"2024-09-03T11:05:37","slug":"bras-ripper-rock","status":"publish","type":"product","link":"https:\/\/labelmakina.com.tr\/fr\/produit\/bras-ripper-rock\/","title":{"rendered":"Bras Ripper Rock"},"content":{"rendered":"<p><strong>Caract\u00e9ristiques du bras Ripper Rock :<\/strong><\/p>\n<ul>\n<li><strong>Force de fragmentation \u00e9lev\u00e9e :<\/strong> Compar\u00e9 \u00e0 un bras de pelle standard, il offre une plus grande force de fragmentation sur les sols durs gr\u00e2ce \u00e0 sa conception plus courte et plus lourde.<\/li>\n<li><strong>Haute efficacit\u00e9 :<\/strong> On affirme qu&rsquo;il est jusqu&rsquo;\u00e0 10 fois plus efficace qu&rsquo;un briseur hydraulique.<\/li>\n<li><strong>Stabilit\u00e9 accrue :<\/strong> Le bras et le boom alourdis aident \u00e0 maintenir l&rsquo;\u00e9quilibre de la pelle.<\/li>\n<li><strong>Large gamme d&rsquo;applications :<\/strong> Utilis\u00e9 dans de nombreux domaines tels que le creusage de sols durs, la fragmentation des rochers et la rupture de couches de schiste.<\/li>\n<\/ul>\n<p><strong>Avantages du bras Ripper Rock :<\/strong><\/p>\n<ul>\n<li>Plus rapide et plus efficace qu&rsquo;un briseur hydraulique.<\/li>\n<li>N\u00e9cessite moins d&rsquo;entretien qu&rsquo;un briseur hydraulique.<\/li>\n<li>Moins de bruit et de vibrations.<\/li>\n<li>Plus s\u00fbr.<\/li>\n<\/ul>\n<p><strong>Domaines d&rsquo;application du bras Ripper Rock :<\/strong><\/p>\n<ul>\n<li>Exploitation mini\u00e8re<\/li>\n<li>Construction routi\u00e8re<\/li>\n<li>Travaux d&rsquo;infrastructure<\/li>\n<li>Construction ferroviaire<\/li>\n<li>Agriculture<\/li>\n<li>Am\u00e9nagement paysager<\/li>\n<\/ul>\n","protected":false},"excerpt":{"rendered":"<p>Le bras Ripper Rock est un type d&rsquo;attachement utilis\u00e9 par les pelles pour creuser et briser des sols durs. Il est \u00e9galement connu sous le nom de bras de bom ou de Rock Boom.<\/p>\n<p>&nbsp;<\/p>\n","protected":false},"featured_media":3749,"template":"","meta":{"om_disable_all_campaigns":false,"_monsterinsights_skip_tracking":false,"_monsterinsights_sitenote_active":false,"_monsterinsights_sitenote_note":"","_monsterinsights_sitenote_category":0},"product_brand":[],"product_cat":[93],"product_tag":[],"class_list":{"0":"post-3748","1":"product","2":"type-product","3":"status-publish","4":"has-post-thumbnail","6":"product_cat-machines-de-construction","8":"first","9":"instock","10":"shipping-taxable","11":"product-type-simple"},"aioseo_notices":[],"_links":{"self":[{"href":"https:\/\/labelmakina.com.tr\/fr\/wp-json\/wp\/v2\/product\/3748","targetHints":{"allow":["GET"]}}],"collection":[{"href":"https:\/\/labelmakina.com.tr\/fr\/wp-json\/wp\/v2\/product"}],"about":[{"href":"https:\/\/labelmakina.com.tr\/fr\/wp-json\/wp\/v2\/types\/product"}],"wp:featuredmedia":[{"embeddable":true,"href":"https:\/\/labelmakina.com.tr\/fr\/wp-json\/wp\/v2\/media\/3749"}],"wp:attachment":[{"href":"https:\/\/labelmakina.com.tr\/fr\/wp-json\/wp\/v2\/media?parent=3748"}],"wp:term":[{"taxonomy":"product_brand","embeddable":true,"href":"https:\/\/labelmakina.com.tr\/fr\/wp-json\/wp\/v2\/product_brand?post=3748"},{"taxonomy":"product_cat","embeddable":true,"href":"https:\/\/labelmakina.com.tr\/fr\/wp-json\/wp\/v2\/product_cat?post=3748"},{"taxonomy":"product_tag","embeddable":true,"href":"https:\/\/labelmakina.com.tr\/fr\/wp-json\/wp\/v2\/product_tag?post=3748"}],"curies":[{"name":"wp","href":"https:\/\/api.w.org\/{rel}","templated":true}]}}