{"id":3752,"date":"2024-01-06T10:47:13","date_gmt":"2024-01-06T07:47:13","guid":{"rendered":"https:\/\/labelmakina.com.tr\/urun\/curuf-kovasi\/"},"modified":"2024-09-03T14:11:58","modified_gmt":"2024-09-03T11:11:58","slug":"seau-a-scories","status":"publish","type":"product","link":"https:\/\/labelmakina.com.tr\/fr\/produit\/seau-a-scories\/","title":{"rendered":"Seau \u00e0 Scories"},"content":{"rendered":"<p>Un \u00ab\u00a0seau \u00e0 scories\u00a0\u00bb fait g\u00e9n\u00e9ralement r\u00e9f\u00e9rence \u00e0 un \u00e9quipement sp\u00e9cial utilis\u00e9 dans l&rsquo;industrie m\u00e9tallurgique et sid\u00e9rurgique. Les scories sont des mat\u00e9riaux r\u00e9siduels qui se forment lors des processus de fusion des m\u00e9taux et se d\u00e9tachent de la surface du m\u00e9tal. Les scories apparaissent souvent lorsqu&rsquo;un m\u00e9tal fondu se refroidit \u00e0 cause des temp\u00e9ratures \u00e9lev\u00e9es et peuvent se rencontrer dans divers processus de production m\u00e9tallurgique.<\/p>\n<p>Les seaux \u00e0 scories sont sp\u00e9cialement con\u00e7us pour la collecte, le transport et la gestion de ces scories. Ces seaux peuvent g\u00e9n\u00e9ralement avoir les caract\u00e9ristiques suivantes :<\/p>\n<ul>\n<li><strong>Construction Durable :<\/strong> Les seaux \u00e0 scories sont souvent fabriqu\u00e9s \u00e0 partir de mat\u00e9riaux r\u00e9sistants, capables de supporter des conditions de service intensives.<\/li>\n<li><strong>R\u00e9sistance \u00e0 Haute Temp\u00e9rature :<\/strong> \u00c9tant donn\u00e9 que les scories se forment \u00e0 des temp\u00e9ratures \u00e9lev\u00e9es, ces seaux sont souvent fabriqu\u00e9s en mat\u00e9riaux r\u00e9sistants aux hautes temp\u00e9ratures.<\/li>\n<li><strong>Grande Capacit\u00e9 de Transport :<\/strong> Les seaux \u00e0 scories ont souvent une grande capacit\u00e9 pour transporter les scories.<\/li>\n<li><strong>Bords de Protection Lat\u00e9raux :<\/strong> Les bords de protection lat\u00e9raux ajout\u00e9s au seau peuvent aider \u00e0 saisir et \u00e0 collecter les scories de mani\u00e8re plus efficace.<\/li>\n<\/ul>\n","protected":false},"excerpt":{"rendered":"<section class=\"elementor-section elementor-top-section elementor-element elementor-element-fc2d8bc elementor-section-boxed elementor-section-height-default elementor-section-height-default\" data-id=\"fc2d8bc\" data-element_type=\"section\">\n<div class=\"elementor-container elementor-column-gap-default\">\n<div class=\"elementor-column elementor-col-100 elementor-top-column elementor-element elementor-element-975d8ca\" data-id=\"975d8ca\" data-element_type=\"column\">\n<div class=\"elementor-widget-wrap elementor-element-populated\">\n<div class=\"elementor-element elementor-element-054bf38 elementor-widget elementor-widget-text-editor\" data-id=\"054bf38\" data-element_type=\"widget\" data-widget_type=\"text-editor.default\">\n<p>Les seaux \u00e0 scories sont utilis\u00e9s dans les installations m\u00e9tallurgiques, les usines sid\u00e9rurgiques et d&rsquo;autres installations de traitement des m\u00e9taux. Ils jouent un r\u00f4le important dans la collecte et la gestion des scories.<\/p>\n<p>&nbsp;<\/p>\n<\/div>\n<\/div>\n<\/div>\n<\/div>\n<\/section>\n","protected":false},"featured_media":3753,"template":"","meta":{"om_disable_all_campaigns":false,"_monsterinsights_skip_tracking":false,"_monsterinsights_sitenote_active":false,"_monsterinsights_sitenote_note":"","_monsterinsights_sitenote_category":0},"product_brand":[],"product_cat":[93],"product_tag":[],"class_list":{"0":"post-3752","1":"product","2":"type-product","3":"status-publish","4":"has-post-thumbnail","6":"product_cat-machines-de-construction","8":"first","9":"instock","10":"shipping-taxable","11":"product-type-simple"},"aioseo_notices":[],"_links":{"self":[{"href":"https:\/\/labelmakina.com.tr\/fr\/wp-json\/wp\/v2\/product\/3752","targetHints":{"allow":["GET"]}}],"collection":[{"href":"https:\/\/labelmakina.com.tr\/fr\/wp-json\/wp\/v2\/product"}],"about":[{"href":"https:\/\/labelmakina.com.tr\/fr\/wp-json\/wp\/v2\/types\/product"}],"wp:featuredmedia":[{"embeddable":true,"href":"https:\/\/labelmakina.com.tr\/fr\/wp-json\/wp\/v2\/media\/3753"}],"wp:attachment":[{"href":"https:\/\/labelmakina.com.tr\/fr\/wp-json\/wp\/v2\/media?parent=3752"}],"wp:term":[{"taxonomy":"product_brand","embeddable":true,"href":"https:\/\/labelmakina.com.tr\/fr\/wp-json\/wp\/v2\/product_brand?post=3752"},{"taxonomy":"product_cat","embeddable":true,"href":"https:\/\/labelmakina.com.tr\/fr\/wp-json\/wp\/v2\/product_cat?post=3752"},{"taxonomy":"product_tag","embeddable":true,"href":"https:\/\/labelmakina.com.tr\/fr\/wp-json\/wp\/v2\/product_tag?post=3752"}],"curies":[{"name":"wp","href":"https:\/\/api.w.org\/{rel}","templated":true}]}}