{"id":3765,"date":"2024-01-06T10:37:06","date_gmt":"2024-01-06T07:37:06","guid":{"rendered":"https:\/\/labelmakina.com.tr\/urun\/coil-clamps\/"},"modified":"2024-09-03T14:19:33","modified_gmt":"2024-09-03T11:19:33","slug":"pinces-pour-bobines","status":"publish","type":"product","link":"https:\/\/labelmakina.com.tr\/fr\/produit\/pinces-pour-bobines\/","title":{"rendered":"Pinces pour Bobines"},"content":{"rendered":"<p><strong>Solution de Transport de Bobines Haute Performance<\/strong><\/p>\n<p>Notre entreprise continue d\u2019offrir des solutions innovantes pour les besoins de transport de mat\u00e9riaux industriels. Les pinces pour bobines sont des accessoires sp\u00e9cialement con\u00e7us pour \u00eatre int\u00e9gr\u00e9s aux machines industrielles et aux chariots \u00e9l\u00e9vateurs. Ce design sp\u00e9cial offre une solution id\u00e9ale pour le transport s\u00fbr et efficace des bobines.<\/p>\n<p><strong>Caract\u00e9ristiques Techniques et Design :<\/strong> Les pinces pour bobines sont fabriqu\u00e9es \u00e0 partir de mat\u00e9riaux en acier de haute qualit\u00e9 et sont soigneusement con\u00e7ues sur le plan technique. Leur construction robuste et durable assure une utilisation prolong\u00e9e dans divers environnements industriels. Le design de l&rsquo;appareil met l&rsquo;accent sur des caract\u00e9ristiques flexibles et ajustables pour s&rsquo;adapter \u00e0 diff\u00e9rents diam\u00e8tres de bobines.<\/p>\n<p><strong>Utilisation Polyvalente :<\/strong> Les pinces pour bobines sont utilis\u00e9es pour optimiser le transport des bobines dans divers secteurs industriels. Elles offrent un large \u00e9ventail d&rsquo;applications dans des domaines tels que l&rsquo;industrie automobile, la m\u00e9tallurgie, la logistique et le stockage. Cet accessoire rend les machines polyvalentes et am\u00e9liore l&rsquo;efficacit\u00e9 op\u00e9rationnelle en rendant le transport des bobines plus rapide et plus s\u00fbr.<\/p>\n<p><strong>S\u00e9curit\u00e9 et Efficacit\u00e9 au Travail :<\/strong> Les pinces pour bobines sont con\u00e7ues selon les normes de s\u00e9curit\u00e9. Elles assurent la s\u00e9curit\u00e9 des op\u00e9rateurs pendant le transport des bobines tout en offrant une utilisation ergonomique pour am\u00e9liorer l&rsquo;efficacit\u00e9 au travail. Leur capacit\u00e9 de prise \u00e9lev\u00e9e garantit un transport s\u00fbr des bobines.<\/p>\n","protected":false},"excerpt":{"rendered":"<p>Les pinces pour bobines sont des \u00e9quipements sp\u00e9ciaux ou des syst\u00e8mes de pince con\u00e7us pour les machines industrielles et les chariots \u00e9l\u00e9vateurs. Elles sont g\u00e9n\u00e9ralement utilis\u00e9es pour transporter les bobines de mani\u00e8re s\u00fbre et efficace, offrant ainsi une grande durabilit\u00e9 et s\u00e9curit\u00e9 dans diverses applications industrielles.<\/p>\n<p>&nbsp;<\/p>\n","protected":false},"featured_media":3766,"template":"","meta":{"om_disable_all_campaigns":false,"_monsterinsights_skip_tracking":false,"_monsterinsights_sitenote_active":false,"_monsterinsights_sitenote_note":"","_monsterinsights_sitenote_category":0},"product_brand":[],"product_cat":[88],"product_tag":[],"class_list":{"0":"post-3765","1":"product","2":"type-product","3":"status-publish","4":"has-post-thumbnail","6":"product_cat-accessoires-pour-chariots-elevateurs","8":"first","9":"instock","10":"shipping-taxable","11":"product-type-simple"},"aioseo_notices":[],"_links":{"self":[{"href":"https:\/\/labelmakina.com.tr\/fr\/wp-json\/wp\/v2\/product\/3765","targetHints":{"allow":["GET"]}}],"collection":[{"href":"https:\/\/labelmakina.com.tr\/fr\/wp-json\/wp\/v2\/product"}],"about":[{"href":"https:\/\/labelmakina.com.tr\/fr\/wp-json\/wp\/v2\/types\/product"}],"wp:featuredmedia":[{"embeddable":true,"href":"https:\/\/labelmakina.com.tr\/fr\/wp-json\/wp\/v2\/media\/3766"}],"wp:attachment":[{"href":"https:\/\/labelmakina.com.tr\/fr\/wp-json\/wp\/v2\/media?parent=3765"}],"wp:term":[{"taxonomy":"product_brand","embeddable":true,"href":"https:\/\/labelmakina.com.tr\/fr\/wp-json\/wp\/v2\/product_brand?post=3765"},{"taxonomy":"product_cat","embeddable":true,"href":"https:\/\/labelmakina.com.tr\/fr\/wp-json\/wp\/v2\/product_cat?post=3765"},{"taxonomy":"product_tag","embeddable":true,"href":"https:\/\/labelmakina.com.tr\/fr\/wp-json\/wp\/v2\/product_tag?post=3765"}],"curies":[{"name":"wp","href":"https:\/\/api.w.org\/{rel}","templated":true}]}}