{"id":3772,"date":"2024-01-06T10:36:51","date_gmt":"2024-01-06T07:36:51","guid":{"rendered":"https:\/\/labelmakina.com.tr\/urun\/paket-levha-sac-aparati\/"},"modified":"2024-09-03T14:31:55","modified_gmt":"2024-09-03T11:31:55","slug":"accessoire-pour-plaques","status":"publish","type":"product","link":"https:\/\/labelmakina.com.tr\/fr\/produit\/accessoire-pour-plaques\/","title":{"rendered":"Accessoire pour Plaques"},"content":{"rendered":"<p><strong>Solution de Transport de Mat\u00e9riaux S\u00e9curis\u00e9e et Efficace<\/strong><\/p>\n<p>Notre entreprise est un leader dans la fourniture de solutions personnalis\u00e9es pour les utilisateurs de machines industrielles et de chariots \u00e9l\u00e9vateurs. L&rsquo;une de ces solutions est l&rsquo;accessoire pour plaques, con\u00e7u sp\u00e9cifiquement pour le transport s\u00fbr et efficace des plaques emball\u00e9es.<\/p>\n<p><strong>Caract\u00e9ristiques Techniques et Design :<\/strong> Nos accessoires pour plaques sont soigneusement fabriqu\u00e9s \u00e0 partir de mat\u00e9riaux en acier de haute qualit\u00e9. Leur construction robuste est optimis\u00e9e pour une longue dur\u00e9e de vie et une performance fiable. Le design de l&rsquo;appareil a \u00e9t\u00e9 sp\u00e9cialement d\u00e9velopp\u00e9 pour garantir la manipulation et le transport s\u00e9curis\u00e9s des plaques emball\u00e9es. Disponibles en diff\u00e9rentes tailles et capacit\u00e9s, ces accessoires s&rsquo;adaptent \u00e0 diverses applications industrielles.<\/p>\n<p><strong>Utilisation Polyvalente :<\/strong> L&rsquo;accessoire pour plaques offre une large gamme d&rsquo;applications dans les domaines du stockage, du transport et de la manipulation des mat\u00e9riaux. Ces appareils rendent vos machines polyvalentes et augmentent l&rsquo;efficacit\u00e9 op\u00e9rationnelle. De plus, ils assurent un transport ordonn\u00e9 et s\u00e9curis\u00e9 des plaques emball\u00e9es, ce qui permet des \u00e9conomies de temps et de main-d&rsquo;\u0153uvre dans les processus de travail.<\/p>\n<p><strong>S\u00e9curit\u00e9 et Efficacit\u00e9 au Travail :<\/strong> Nos accessoires pour plaques sont con\u00e7us selon les normes de s\u00e9curit\u00e9. Ils mettent l&rsquo;accent sur la s\u00e9curit\u00e9 des op\u00e9rateurs et se distinguent par des conceptions ergonomiques qui augmentent \u00e9galement l&rsquo;efficacit\u00e9 du travail.<\/p>\n","protected":false},"excerpt":{"rendered":"<p>L&rsquo;accessoire pour plaques est un \u00e9quipement ou un \u00e9l\u00e9ment de connexion sp\u00e9cialement con\u00e7u pour les machines et les chariots \u00e9l\u00e9vateurs. Il est couramment utilis\u00e9 dans les processus de stockage, de transport et de manipulation de mat\u00e9riaux pour assurer le transport s\u00e9curis\u00e9 et efficace des plaques emball\u00e9es. Avec sa grande durabilit\u00e9 et sa facilit\u00e9 d&rsquo;utilisation, cet accessoire est une solution id\u00e9ale pour am\u00e9liorer l&rsquo;efficacit\u00e9 du travail dans les applications industrielles.<\/p>\n<p>&nbsp;<\/p>\n","protected":false},"featured_media":3773,"template":"","meta":{"om_disable_all_campaigns":false,"_monsterinsights_skip_tracking":false,"_monsterinsights_sitenote_active":false,"_monsterinsights_sitenote_note":"","_monsterinsights_sitenote_category":0},"product_brand":[],"product_cat":[88],"product_tag":[],"class_list":{"0":"post-3772","1":"product","2":"type-product","3":"status-publish","4":"has-post-thumbnail","6":"product_cat-accessoires-pour-chariots-elevateurs","8":"first","9":"instock","10":"shipping-taxable","11":"product-type-simple"},"aioseo_notices":[],"_links":{"self":[{"href":"https:\/\/labelmakina.com.tr\/fr\/wp-json\/wp\/v2\/product\/3772","targetHints":{"allow":["GET"]}}],"collection":[{"href":"https:\/\/labelmakina.com.tr\/fr\/wp-json\/wp\/v2\/product"}],"about":[{"href":"https:\/\/labelmakina.com.tr\/fr\/wp-json\/wp\/v2\/types\/product"}],"wp:featuredmedia":[{"embeddable":true,"href":"https:\/\/labelmakina.com.tr\/fr\/wp-json\/wp\/v2\/media\/3773"}],"wp:attachment":[{"href":"https:\/\/labelmakina.com.tr\/fr\/wp-json\/wp\/v2\/media?parent=3772"}],"wp:term":[{"taxonomy":"product_brand","embeddable":true,"href":"https:\/\/labelmakina.com.tr\/fr\/wp-json\/wp\/v2\/product_brand?post=3772"},{"taxonomy":"product_cat","embeddable":true,"href":"https:\/\/labelmakina.com.tr\/fr\/wp-json\/wp\/v2\/product_cat?post=3772"},{"taxonomy":"product_tag","embeddable":true,"href":"https:\/\/labelmakina.com.tr\/fr\/wp-json\/wp\/v2\/product_tag?post=3772"}],"curies":[{"name":"wp","href":"https:\/\/api.w.org\/{rel}","templated":true}]}}