{"id":3790,"date":"2024-01-05T16:32:13","date_gmt":"2024-01-05T13:32:13","guid":{"rendered":"https:\/\/labelmakina.com.tr\/urun\/coil-ram\/"},"modified":"2024-09-03T14:35:41","modified_gmt":"2024-09-03T11:35:41","slug":"coil-ram","status":"publish","type":"product","link":"https:\/\/labelmakina.com.tr\/fr\/produit\/coil-ram\/","title":{"rendered":"Coil Ram"},"content":{"rendered":"<p>Cet \u00e9quipement additionnel peut \u00eatre facilement fix\u00e9 \u00e0 la fourche du chariot \u00e9l\u00e9vateur et offre une solution efficace pour soulever et transporter les bobines gr\u00e2ce \u00e0 son design sp\u00e9cifique. Le Coil Ram pr\u00e9sente g\u00e9n\u00e9ralement les caract\u00e9ristiques suivantes :<\/p>\n<ul>\n<li><strong>Fixation s\u00e9curis\u00e9e :<\/strong> Points de fixation ou m\u00e9canismes de serrage sp\u00e9cialement con\u00e7us pour fixer les bobines de mani\u00e8re s\u00e9curis\u00e9e.<\/li>\n<li><strong>Grande capacit\u00e9 de charge :<\/strong> Gr\u00e2ce \u00e0 leur structure robuste et r\u00e9sistante, ils ont la capacit\u00e9 de transporter sans probl\u00e8me de grandes et lourdes bobines.<\/li>\n<li><strong>Montage rapide et facile :<\/strong> Syst\u00e8me de montage pratique, facilement amovible, qui permet aux op\u00e9rateurs de gagner du temps.<\/li>\n<li><strong>Diverses tailles et capacit\u00e9s :<\/strong> Propos\u00e9 en divers mod\u00e8les avec des tailles et des capacit\u00e9s de charge adapt\u00e9es aux diff\u00e9rents besoins industriels.<\/li>\n<\/ul>\n<p>Gr\u00e2ce \u00e0 ces caract\u00e9ristiques, le Coil Ram offre une solution id\u00e9ale pour les entreprises industrielles souhaitant r\u00e9aliser des op\u00e9rations de manutention plus s\u00fbres, efficaces et rapides.<\/p>\n","protected":false},"excerpt":{"rendered":"<p>Les Coil Rams sont des \u00e9quipements sp\u00e9ciaux qui peuvent \u00eatre int\u00e9gr\u00e9s aux chariots \u00e9l\u00e9vateurs industriels. Cet accessoire est sp\u00e9cialement con\u00e7u pour \u00eatre utilis\u00e9 dans les industries o\u00f9 des mat\u00e9riaux tels que des bobines, des rouleaux ou des textiles sont transport\u00e9s. Ce mat\u00e9riel additionnel, sp\u00e9cialement con\u00e7u pour soulever, transporter et d\u00e9poser en toute s\u00e9curit\u00e9 les bobines, optimise les op\u00e9rations de manutention gr\u00e2ce \u00e0 ses m\u00e9canismes de fixation s\u00e9curis\u00e9s, sa grande capacit\u00e9 de charge, son montage rapide et ses divers mod\u00e8les.<\/p>\n<p>Le Coil Ram est un ensemble d&rsquo;\u00e9quipements sp\u00e9ciaux qui peut \u00eatre int\u00e9gr\u00e9 aux chariots \u00e9l\u00e9vateurs industriels. Cet accessoire est con\u00e7u pour optimiser les op\u00e9rations de manutention, telles que le levage, le transport et la pose de bobines ou de rouleaux. Il est couramment utilis\u00e9 dans les industries o\u00f9 des mat\u00e9riaux en m\u00e9tal, textile ou en rouleaux sont transport\u00e9s.<\/p>\n","protected":false},"featured_media":3792,"template":"","meta":{"om_disable_all_campaigns":false,"_monsterinsights_skip_tracking":false,"_monsterinsights_sitenote_active":false,"_monsterinsights_sitenote_note":"","_monsterinsights_sitenote_category":0},"product_brand":[],"product_cat":[88],"product_tag":[],"class_list":{"0":"post-3790","1":"product","2":"type-product","3":"status-publish","4":"has-post-thumbnail","6":"product_cat-accessoires-pour-chariots-elevateurs","8":"first","9":"instock","10":"shipping-taxable","11":"product-type-variable"},"aioseo_notices":[],"_links":{"self":[{"href":"https:\/\/labelmakina.com.tr\/fr\/wp-json\/wp\/v2\/product\/3790","targetHints":{"allow":["GET"]}}],"collection":[{"href":"https:\/\/labelmakina.com.tr\/fr\/wp-json\/wp\/v2\/product"}],"about":[{"href":"https:\/\/labelmakina.com.tr\/fr\/wp-json\/wp\/v2\/types\/product"}],"wp:featuredmedia":[{"embeddable":true,"href":"https:\/\/labelmakina.com.tr\/fr\/wp-json\/wp\/v2\/media\/3792"}],"wp:attachment":[{"href":"https:\/\/labelmakina.com.tr\/fr\/wp-json\/wp\/v2\/media?parent=3790"}],"wp:term":[{"taxonomy":"product_brand","embeddable":true,"href":"https:\/\/labelmakina.com.tr\/fr\/wp-json\/wp\/v2\/product_brand?post=3790"},{"taxonomy":"product_cat","embeddable":true,"href":"https:\/\/labelmakina.com.tr\/fr\/wp-json\/wp\/v2\/product_cat?post=3790"},{"taxonomy":"product_tag","embeddable":true,"href":"https:\/\/labelmakina.com.tr\/fr\/wp-json\/wp\/v2\/product_tag?post=3790"}],"curies":[{"name":"wp","href":"https:\/\/api.w.org\/{rel}","templated":true}]}}